{"id":9265,"date":"2022-05-27T09:09:59","date_gmt":"2022-05-27T09:09:59","guid":{"rendered":"https:\/\/adventisolutions.com\/travaille-avec-nous\/"},"modified":"2022-10-03T14:25:09","modified_gmt":"2022-10-03T14:25:09","slug":"travaille-avec-nous","status":"publish","type":"page","link":"https:\/\/adventisolutions.com\/fr\/travaille-avec-nous\/","title":{"rendered":"Travaille avec nous"},"content":{"rendered":"<section class=\"l-section wpb_row us_custom_1a2fedae height_auto color_primary\"><div class=\"l-section-h i-cf\"><div class=\"g-cols vc_row via_flex valign_top type_default stacking_default\"><div class=\"vc_col-sm-12 wpb_column vc_column_container\"><div class=\"vc_column-inner\"><div class=\"wpb_wrapper\"><div class=\"w-separator size_custom\" style=\"height:3vh\"><\/div><div class=\"g-cols wpb_row via_flex valign_top type_boxes stacking_default\"><div class=\"vc_col-sm-2 wpb_column vc_column_container\"><div class=\"vc_column-inner\"><div class=\"wpb_wrapper\"><\/div><\/div><\/div><div class=\"vc_col-sm-8 wpb_column vc_column_container\"><div class=\"vc_column-inner\"><div class=\"wpb_wrapper\"><div class=\"wpb_text_column us_custom_242b96bd has_text_color us_animate_this\"><div class=\"wpb_wrapper\"><h1 class=\"p1\">Nous voulons \u00eatre une r\u00e9f\u00e9rence dans la qualit\u00e9 de la relation client.<\/h1>\n<\/div><\/div><div class=\"w-separator size_small\"><\/div><div class=\"wpb_text_column us_custom_ffb7fcf0 has_text_color us_animate_this  hide_on_tablets hide_on_mobiles\"><div class=\"wpb_wrapper\"><p class=\"p1\">Adventis dispose d&rsquo;une \u00e9quipe formidable avec diff\u00e9rentes fonctions au sein de l&rsquo;entreprise et une exp\u00e9rience av\u00e9r\u00e9e dans le domaine des \u00e9nergies renouvelables, notamment dans le monde \u00e9olien :<\/p>\n<ul id=\"lista\">\n<li>Ing\u00e9nieurs<\/li>\n<li>Techniciens<\/li>\n<li>Administratif<\/li>\n<li>Commercial<\/li>\n<\/ul>\n<\/div><\/div><div class=\"wpb_text_column us_custom_67679b3a has_text_color  hide_on_default hide_on_laptops\"><div class=\"wpb_wrapper\"><p class=\"p1\">Adventis O &amp; M Solutions dispose d&rsquo;une \u00e9quipe formidable avec diff\u00e9rentes fonctions au sein de l&rsquo;entreprise et une exp\u00e9rience av\u00e9r\u00e9e dans le domaine des \u00e9nergies renouvelables, notamment dans le monde \u00e9olien :<\/p>\n<ul>\n<li>Ing\u00e9nieurs<\/li>\n<li>Techniciens<\/li>\n<li>Administratif<\/li>\n<li>Commercial<\/li>\n<\/ul>\n<\/div><\/div><\/div><\/div><\/div><div class=\"vc_col-sm-2 wpb_column vc_column_container\"><div class=\"vc_column-inner\"><div class=\"wpb_wrapper\"><\/div><\/div><\/div><\/div><\/div><\/div><\/div><\/div><\/div><\/section><section class=\"l-section wpb_row us_custom_0d15be52 height_large\"><div class=\"l-section-h i-cf\"><div class=\"g-cols vc_row via_flex valign_top type_default stacking_default\"><div class=\"vc_col-sm-6 wpb_column vc_column_container\"><div class=\"vc_column-inner\"><div class=\"wpb_wrapper\"><div class=\"wpb_text_column us_custom_2016af9e has_text_color\"><div class=\"wpb_wrapper\"><p class=\"p1\">Formulaire de contact<\/p>\n<\/div><\/div><div class=\"w-separator size_small\"><\/div><div role=\"form\" class=\"wpcf7\" id=\"wpcf7-f9272-o1\" lang=\"fr-FR\" dir=\"ltr\">\n<div class=\"screen-reader-response\"><p role=\"status\" aria-live=\"polite\" aria-atomic=\"true\"><\/p> <ul><\/ul><\/div>\n<form action=\"\/fr\/wp-json\/wp\/v2\/pages\/9265#wpcf7-f9272-o1\" method=\"post\" class=\"wpcf7-form init\" enctype=\"multipart\/form-data\" novalidate=\"novalidate\" data-status=\"init\">\n<div style=\"display: none;\">\n<input type=\"hidden\" name=\"_wpcf7\" value=\"9272\" \/>\n<input type=\"hidden\" name=\"_wpcf7_version\" value=\"5.5.6.1\" \/>\n<input type=\"hidden\" name=\"_wpcf7_locale\" value=\"fr_FR\" \/>\n<input type=\"hidden\" name=\"_wpcf7_unit_tag\" value=\"wpcf7-f9272-o1\" \/>\n<input type=\"hidden\" name=\"_wpcf7_container_post\" value=\"0\" \/>\n<input type=\"hidden\" name=\"_wpcf7_posted_data_hash\" value=\"\" \/>\n<\/div>\n<div>\n    <span class=\"wpcf7-form-control-wrap your-name\"><input type=\"text\" name=\"your-name\" value=\"\" size=\"40\" class=\"wpcf7-form-control wpcf7-text wpcf7-validates-as-required\" aria-required=\"true\" aria-invalid=\"false\" placeholder=\"Nombre*\" \/><\/span> <\/div>\n<div>\n    <span class=\"wpcf7-form-control-wrap your-email\"><input type=\"email\" name=\"your-email\" value=\"\" size=\"40\" class=\"wpcf7-form-control wpcf7-text wpcf7-email wpcf7-validates-as-required wpcf7-validates-as-email\" aria-required=\"true\" aria-invalid=\"false\" placeholder=\"Correo electr\u00f3nico*\" \/><\/span> <\/div>\n<div>\n    <span class=\"wpcf7-form-control-wrap tel-69\"><input type=\"tel\" name=\"tel-69\" value=\"\" size=\"40\" class=\"wpcf7-form-control wpcf7-text wpcf7-tel wpcf7-validates-as-required wpcf7-validates-as-tel\" aria-required=\"true\" aria-invalid=\"false\" placeholder=\"Tel\u00e9fono*\" \/><\/span> <\/div>\n<div>\n    <span class=\"wpcf7-form-control-wrap your-message\"><textarea name=\"your-message\" cols=\"40\" rows=\"10\" class=\"wpcf7-form-control wpcf7-textarea\" aria-invalid=\"false\" placeholder=\"Mensaje\"><\/textarea><\/span> <\/div>\n<p><br\/><br \/>\n<label>Sube tu C.V.<\/label><br \/>\n<span class=\"wpcf7-form-control-wrap file-39\"><input type=\"file\" name=\"file-39\" size=\"40\" class=\"wpcf7-form-control wpcf7-file wpcf7-validates-as-required\" accept=\".jpg,.jpeg,.png,.gif,.pdf,.doc,.docx,.ppt,.pptx,.odt,.avi,.ogg,.m4a,.mov,.mp3,.mp4,.mpg,.wav,.wmv\" aria-required=\"true\" aria-invalid=\"false\" \/><\/span><\/p>\n<p><label><span class=\"wpcf7-form-control-wrap acceptance-752\"><span class=\"wpcf7-form-control wpcf7-acceptance\"><span class=\"wpcf7-list-item\"><label><input type=\"checkbox\" name=\"acceptance-752\" value=\"1\" aria-invalid=\"false\" \/><span class=\"wpcf7-list-item-label\">Estoy de acuerdo con la <a href=\"https:\/\/adventisolutions.com\/politica-de-privacidad\/\" target=\"_blank\">pol\u00edtica de privacidad<\/a> y los <a href=\"https:\/\/adventisolutions.com\/terminos-y-condiciones\/\" target=\"_blank\">t\u00e9rminos y condiciones<\/a>.<\/span><\/label><\/span><\/span><\/span><\/label><\/p>\n<p><input type=\"submit\" value=\"Enviar\" class=\"wpcf7-form-control has-spinner wpcf7-submit\" \/><\/p>\n<div class=\"wpcf7-response-output\" aria-hidden=\"true\"><\/div><\/form><\/div><\/div><\/div><\/div><div class=\"vc_col-sm-6 wpb_column vc_column_container\"><div class=\"vc_column-inner\"><div class=\"wpb_wrapper\"><div class=\"w-separator size_small\"><\/div><div class=\"g-cols wpb_row via_flex valign_top type_default stacking_default\"><div class=\"vc_col-sm-9 wpb_column vc_column_container\"><div class=\"vc_column-inner\"><div class=\"wpb_wrapper\"><div class=\"wpb_text_column us_custom_ad6681af has_text_color\"><div class=\"wpb_wrapper\"><p>Nous avons une \u00e9quipe jeune et un travail dynamique qui est coordonn\u00e9 pour atteindre les objectifs de l&rsquo;entreprise. Cette \u00e9quipe est soumise \u00e0 une formation continue pour am\u00e9liorer ses connaissances<\/p>\n<\/div><\/div><\/div><\/div><\/div><div class=\"vc_col-sm-3 wpb_column vc_column_container\"><div class=\"vc_column-inner\"><div class=\"wpb_wrapper\"><\/div><\/div><\/div><\/div><div class=\"w-separator size_small\"><\/div><\/div><\/div><\/div><\/div><\/div><\/section>\n","protected":false},"excerpt":{"rendered":"Nous voulons \u00eatre une r\u00e9f\u00e9rence dans la qualit\u00e9 de la relation client. Adventis dispose d&rsquo;une \u00e9quipe formidable avec diff\u00e9rentes fonctions au sein de l&rsquo;entreprise et une exp\u00e9rience av\u00e9r\u00e9e dans le domaine des \u00e9nergies renouvelables, notamment dans le monde \u00e9olien : Ing\u00e9nieurs Techniciens Administratif Commercial Adventis O &amp; M Solutions dispose d&rsquo;une \u00e9quipe formidable avec diff\u00e9rentes...","protected":false},"author":1,"featured_media":0,"parent":0,"menu_order":0,"comment_status":"closed","ping_status":"closed","template":"","meta":{"inline_featured_image":false,"footnotes":""},"class_list":["post-9265","page","type-page","status-publish","hentry"],"acf":[],"_links":{"self":[{"href":"https:\/\/adventisolutions.com\/fr\/wp-json\/wp\/v2\/pages\/9265","targetHints":{"allow":["GET"]}}],"collection":[{"href":"https:\/\/adventisolutions.com\/fr\/wp-json\/wp\/v2\/pages"}],"about":[{"href":"https:\/\/adventisolutions.com\/fr\/wp-json\/wp\/v2\/types\/page"}],"author":[{"embeddable":true,"href":"https:\/\/adventisolutions.com\/fr\/wp-json\/wp\/v2\/users\/1"}],"replies":[{"embeddable":true,"href":"https:\/\/adventisolutions.com\/fr\/wp-json\/wp\/v2\/comments?post=9265"}],"version-history":[{"count":5,"href":"https:\/\/adventisolutions.com\/fr\/wp-json\/wp\/v2\/pages\/9265\/revisions"}],"predecessor-version":[{"id":9270,"href":"https:\/\/adventisolutions.com\/fr\/wp-json\/wp\/v2\/pages\/9265\/revisions\/9270"}],"wp:attachment":[{"href":"https:\/\/adventisolutions.com\/fr\/wp-json\/wp\/v2\/media?parent=9265"}],"curies":[{"name":"wp","href":"https:\/\/api.w.org\/{rel}","templated":true}]}}