{"id":9155,"date":"2022-04-28T06:52:19","date_gmt":"2022-04-28T06:52:19","guid":{"rendered":"https:\/\/adventisolutions.com\/industrial-supply\/"},"modified":"2022-10-03T11:30:37","modified_gmt":"2022-10-03T11:30:37","slug":"industrial-supply","status":"publish","type":"page","link":"https:\/\/adventisolutions.com\/fr\/industrial-supply\/","title":{"rendered":"Fourniture industrielle"},"content":{"rendered":"<section class=\"l-section wpb_row us_custom_cdf4b38a height_custom color_primary\"><div class=\"l-section-h i-cf\"><div class=\"g-cols vc_row via_flex valign_top type_default stacking_default\"><div class=\"vc_col-sm-12 wpb_column vc_column_container\"><div class=\"vc_column-inner\"><div class=\"wpb_wrapper\"><div class=\"w-separator size_custom\" style=\"height:5vh\" id=\"f997\"><style>@media(max-width:1024px){ #f997{height:0px!important}}@media(max-width:600px){ #f997{height:0px!important}}<\/style><\/div><div class=\"g-cols wpb_row via_flex valign_top type_boxes stacking_default\"><div class=\"vc_col-sm-6 wpb_column vc_column_container  hide_on_tablets hide_on_mobiles\"><div class=\"vc_column-inner\"><div class=\"wpb_wrapper\"><\/div><\/div><\/div><div class=\"vc_col-sm-6 wpb_column vc_column_container\"><div class=\"vc_column-inner\"><div class=\"wpb_wrapper\"><div class=\"wpb_text_column us_custom_3877d9e2 has_text_color us_animate_this\"><div class=\"wpb_wrapper\"><h2 class=\"p1\">Fourniture industrielle<\/h2>\n<\/div><\/div><div class=\"w-separator size_small\"><\/div><div class=\"wpb_text_column us_custom_2dbb3a12 has_text_color us_animate_this\"><div class=\"wpb_wrapper\"><p>Adventis fournit tout type de pi\u00e8ces de rechange pour effectuer la maintenance compl\u00e8te de vos actifs industriels, incluant les plus importantes marques sur le march\u00e9.<\/p>\n<\/div><\/div><div class=\"w-separator size_small\"><\/div><div class=\"w-btn-wrapper align_none\"><a class=\"w-btn us-btn-style_1 us_custom_099c62dc us_animate_this\" href=\"#plus\"><span class=\"w-btn-label\">EN SAVOIR PLUS<\/span><\/a><\/div><\/div><\/div><\/div><\/div><div class=\"w-separator size_custom\" style=\"height:5vh\"><\/div><\/div><\/div><\/div><\/div><\/div><\/section><section class=\"l-section wpb_row height_auto\" id=\"plus\"><div class=\"l-section-h i-cf\"><div class=\"g-cols vc_row via_flex valign_top type_boxes stacking_default\"><div class=\"vc_col-sm-6 wpb_column vc_column_container\"><div class=\"vc_column-inner\"><div class=\"wpb_wrapper\"><div class=\"w-image us_custom_e479b23c us_animate_this align_none\"><div class=\"w-image-h\"><img loading=\"lazy\" decoding=\"async\" width=\"1200\" height=\"737\" src=\"https:\/\/adventisolutions.com\/wp-content\/uploads\/2022\/04\/rodamiento.jpg\" class=\"attachment-full size-full\" alt=\"\" srcset=\"https:\/\/adventisolutions.com\/wp-content\/uploads\/2022\/04\/rodamiento.jpg 1200w, https:\/\/adventisolutions.com\/wp-content\/uploads\/2022\/04\/rodamiento-300x184.jpg 300w, https:\/\/adventisolutions.com\/wp-content\/uploads\/2022\/04\/rodamiento-1024x629.jpg 1024w\" sizes=\"auto, (max-width: 1200px) 100vw, 1200px\" \/><\/div><\/div><div class=\"wpb_text_column us_custom_3f210a4c has_text_color us_animate_this\"><div class=\"wpb_wrapper\"><p class=\"p1\">La gamme de roulements, rotules et accessoires la plus vaste au monde chez un seul fournisseur.<\/p>\n<\/div><\/div><div class=\"w-separator size_large\"><\/div><\/div><\/div><\/div><div class=\"vc_col-sm-6 wpb_column vc_column_container \"><div class=\"vc_column-inner us_custom_76b16f7c us_animate_this\"><div class=\"wpb_wrapper\"><div class=\"w-image us_custom_d051eacb us_animate_this align_none\"><div class=\"w-image-h\"><img loading=\"lazy\" decoding=\"async\" width=\"1024\" height=\"1024\" src=\"https:\/\/adventisolutions.com\/wp-content\/uploads\/2022\/04\/resplandor_circulo.svg\" class=\"attachment-large size-large\" alt=\"\" \/><\/div><\/div><div id=\"ult-carousel-178712094169dafead169b1\" class=\"ult-carousel-wrapper  vc_custom_1655975354286 subete ult_horizontal\" data-gutter=\"15\" data-rtl=\"false\" ><div class=\"ult-carousel-335901056669dafead16962 \" ><div class=\"ult-item-wrap\" data-animation=\"animated no-animation\"><div class=\"w-vwrapper us_custom_0d15be52 align_none valign_top\" style=\"--vwrapper-gap:0rem\"><div class=\"ult-item-wrap\" data-animation=\"animated no-animation\"><div class=\"w-image align_none\"><div class=\"w-image-h\"><img loading=\"lazy\" decoding=\"async\" width=\"1024\" height=\"691\" src=\"https:\/\/adventisolutions.com\/wp-content\/uploads\/2022\/05\/suministro-componentes-1024x691.jpg\" class=\"attachment-large size-large\" alt=\"\" srcset=\"https:\/\/adventisolutions.com\/wp-content\/uploads\/2022\/05\/suministro-componentes-1024x691.jpg 1024w, https:\/\/adventisolutions.com\/wp-content\/uploads\/2022\/05\/suministro-componentes-300x203.jpg 300w, https:\/\/adventisolutions.com\/wp-content\/uploads\/2022\/05\/suministro-componentes.jpg 1200w\" sizes=\"auto, (max-width: 1024px) 100vw, 1024px\" \/><\/div><\/div><\/div><div class=\"ult-item-wrap\" data-animation=\"animated no-animation\"><div class=\"w-separator size_small\"><\/div><\/div><div class=\"ult-item-wrap\" data-animation=\"animated no-animation\"><div class=\"wpb_text_column us_custom_3a35c783 has_text_color\"><div class=\"wpb_wrapper\"><h6 class=\"p1\"><span class=\"s1\">CHA\u00ceNE DE FOURNITURES<br \/>\n<\/span><\/h6>\n<\/div><\/div><\/div><div class=\"ult-item-wrap\" data-animation=\"animated no-animation\"><div class=\"wpb_text_column us_custom_d2e442fc has_text_color\"><div class=\"wpb_wrapper\"><h3>Fourniture de composants &#8211; MRO<\/h3>\n<\/div><\/div><\/div><div class=\"ult-item-wrap\" data-animation=\"animated no-animation\"><div class=\"w-separator size_small\"><\/div><\/div><div class=\"ult-item-wrap\" data-animation=\"animated no-animation\"><div class=\"wpb_text_column us_custom_9d20a4df has_text_color\"><div class=\"wpb_wrapper\"><ul>\n<li>Roulements<\/li>\n<li>\u00c9l\u00e9ments de transmission<\/li>\n<li>\u00c9tanch\u00e9it\u00e9<\/li>\n<li>Fluides<\/li>\n<li>Automatisation<\/li>\n<li>\u00c9quipement<\/li>\n<li>S\u00e9curit\u00e9<\/li>\n<\/ul>\n<\/div><\/div><\/div><div class=\"ult-item-wrap\" data-animation=\"animated no-animation\"><div class=\"w-separator size_small\"><\/div><\/div><\/div><\/div><div class=\"ult-item-wrap\" data-animation=\"animated no-animation\"><div class=\"w-vwrapper us_custom_0d15be52 align_none valign_top\" style=\"--vwrapper-gap:0rem\"><div class=\"ult-item-wrap\" data-animation=\"animated no-animation\"><div class=\"w-image align_none\"><div class=\"w-image-h\"><img loading=\"lazy\" decoding=\"async\" width=\"1024\" height=\"683\" src=\"https:\/\/adventisolutions.com\/wp-content\/uploads\/2022\/05\/mecanizado-1024x683.jpg\" class=\"attachment-large size-large\" alt=\"\" srcset=\"https:\/\/adventisolutions.com\/wp-content\/uploads\/2022\/05\/mecanizado-1024x683.jpg 1024w, https:\/\/adventisolutions.com\/wp-content\/uploads\/2022\/05\/mecanizado-300x200.jpg 300w, https:\/\/adventisolutions.com\/wp-content\/uploads\/2022\/05\/mecanizado.jpg 1200w\" sizes=\"auto, (max-width: 1024px) 100vw, 1024px\" \/><\/div><\/div><\/div><div class=\"ult-item-wrap\" data-animation=\"animated no-animation\"><div class=\"w-separator size_small\"><\/div><\/div><div class=\"ult-item-wrap\" data-animation=\"animated no-animation\"><div class=\"wpb_text_column us_custom_3a35c783 has_text_color\"><div class=\"wpb_wrapper\"><h6 class=\"p1\"><span class=\"s1\">CHA\u00ceNE DE FOURNITURES<\/span><span class=\"s1\"> <\/span><\/h6>\n<\/div><\/div><\/div><div class=\"ult-item-wrap\" data-animation=\"animated no-animation\"><div class=\"wpb_text_column us_custom_d2e442fc has_text_color\"><div class=\"wpb_wrapper\"><h3>Fabrication et assemblage<\/h3>\n<\/div><\/div><\/div><div class=\"ult-item-wrap\" data-animation=\"animated no-animation\"><div class=\"w-separator size_small\"><\/div><\/div><div class=\"ult-item-wrap\" data-animation=\"animated no-animation\"><div class=\"wpb_text_column us_custom_9d20a4df has_text_color\"><div class=\"wpb_wrapper\"><ul>\n<li>Conception et fabrication d&rsquo;outils<\/li>\n<li>Usinage de composants<\/li>\n<li>Assemblage de composants<\/li>\n<li>Kits de r\u00e9paration<\/li>\n<\/ul>\n<\/div><\/div><\/div><div class=\"ult-item-wrap\" data-animation=\"animated no-animation\"><div class=\"w-separator size_small\"><\/div><\/div><\/div><\/div><div class=\"ult-item-wrap\" data-animation=\"animated no-animation\"><div class=\"w-vwrapper us_custom_0d15be52 align_none valign_top\" style=\"--vwrapper-gap:0rem\"><div class=\"ult-item-wrap\" data-animation=\"animated no-animation\"><div class=\"w-image align_none\"><div class=\"w-image-h\"><img loading=\"lazy\" decoding=\"async\" width=\"1024\" height=\"683\" src=\"https:\/\/adventisolutions.com\/wp-content\/uploads\/2022\/05\/transporte-1024x683.jpg\" class=\"attachment-large size-large\" alt=\"\" srcset=\"https:\/\/adventisolutions.com\/wp-content\/uploads\/2022\/05\/transporte-1024x683.jpg 1024w, https:\/\/adventisolutions.com\/wp-content\/uploads\/2022\/05\/transporte-300x200.jpg 300w, https:\/\/adventisolutions.com\/wp-content\/uploads\/2022\/05\/transporte.jpg 1200w\" sizes=\"auto, (max-width: 1024px) 100vw, 1024px\" \/><\/div><\/div><\/div><div class=\"ult-item-wrap\" data-animation=\"animated no-animation\"><div class=\"w-separator size_small\"><\/div><\/div><div class=\"ult-item-wrap\" data-animation=\"animated no-animation\"><div class=\"wpb_text_column us_custom_3a35c783 has_text_color\"><div class=\"wpb_wrapper\"><h6 class=\"p1\"><span class=\"s1\">CHA\u00ceNE DE FOURNITURES<\/span><span class=\"s1\"> <\/span><\/h6>\n<\/div><\/div><\/div><div class=\"ult-item-wrap\" data-animation=\"animated no-animation\"><div class=\"wpb_text_column us_custom_d2e442fc has_text_color\"><div class=\"wpb_wrapper\"><h3>Logistique de Pi\u00e8ces de rechange<\/h3>\n<\/div><\/div><\/div><div class=\"ult-item-wrap\" data-animation=\"animated no-animation\"><div class=\"w-separator size_small\"><\/div><\/div><div class=\"ult-item-wrap\" data-animation=\"animated no-animation\"><div class=\"wpb_text_column us_custom_9d20a4df has_text_color\"><div class=\"wpb_wrapper\"><ul>\n<li>Manutention<\/li>\n<li>Chargement<\/li>\n<li>Transport<\/li>\n<li>Gestion douani\u00e8re<\/li>\n<li>Inventaires et codification du stock<\/li>\n<li>Identification de pi\u00e8ces de rechange de chaque machine<\/li>\n<li>R\u00e9duction des Obsol\u00e8tes<\/li>\n<li>Mises \u00e0 jour de r\u00e9f\u00e9rences commerciales.<\/li>\n<li>\u00c9tude de d\u00e9p\u00f4ts<\/li>\n<li>Gestion de r\u00e9approvisionnement aupr\u00e8s de tiers<\/li>\n<li>Mise en place du concept Kit de r\u00e9paration<\/li>\n<\/ul>\n<\/div><\/div><\/div><div class=\"ult-item-wrap\" data-animation=\"animated no-animation\"><div class=\"w-separator size_small\"><\/div><\/div><\/div><\/div><\/div><\/div>\t\t\t<script type=\"text\/javascript\">\r\n\t\t\t\tjQuery(document).ready(function ($) {\r\n\t\t\t\t\tif( typeof jQuery('.ult-carousel-335901056669dafead16962').slick == \"function\"){\r\n\t\t\t\t\t\t$('.ult-carousel-335901056669dafead16962').slick({dots: false,autoplay: true,autoplaySpeed: 5000,speed: 300,infinite: true,arrows: true,nextArrow: '<button type=\"button\" role=\"button\" aria-label=\"Next\" style=\"color:#333333; font-size:20px;\" class=\"slick-next default\"><i class=\"ultsl-arrow-right4\"><\/i><\/button>',prevArrow: '<button type=\"button\" role=\"button\" aria-label=\"Previous\" style=\"color:#333333; font-size:20px;\" class=\"slick-prev default\"><i class=\"ultsl-arrow-left4\"><\/i><\/button>',slidesToScroll:1,slidesToShow:1,swipe: true,draggable: true,touchMove: true,pauseOnHover: true,pauseOnFocus: false,responsive: [\r\n\t\t\t\t\t\t\t{\r\n\t\t\t\t\t\t\t  breakpoint: 1026,\r\n\t\t\t\t\t\t\t  settings: {\r\n\t\t\t\t\t\t\t\tslidesToShow: 1,\r\n\t\t\t\t\t\t\t\tslidesToScroll: 1,  \r\n\t\t\t\t\t\t\t  }\r\n\t\t\t\t\t\t\t},\r\n\t\t\t\t\t\t\t{\r\n\t\t\t\t\t\t\t  breakpoint: 1025,\r\n\t\t\t\t\t\t\t  settings: {\r\n\t\t\t\t\t\t\t\tslidesToShow: 1,\r\n\t\t\t\t\t\t\t\tslidesToScroll: 1\r\n\t\t\t\t\t\t\t  }\r\n\t\t\t\t\t\t\t},\r\n\t\t\t\t\t\t\t{\r\n\t\t\t\t\t\t\t  breakpoint: 760,\r\n\t\t\t\t\t\t\t  settings: {\r\n\t\t\t\t\t\t\t\tslidesToShow: 1,\r\n\t\t\t\t\t\t\t\tslidesToScroll: 1\r\n\t\t\t\t\t\t\t  }\r\n\t\t\t\t\t\t\t}\r\n\t\t\t\t\t\t],pauseOnDotsHover: true,customPaging: function(slider, i) {\r\n                   return '<i type=\"button\" style= \"color:#333333;\" class=\"ultsl-record\" data-role=\"none\"><\/i>';\r\n                },});\r\n\t\t\t\t\t}\r\n\t\t\t\t});\r\n\t\t\t<\/script>\r\n\t\t\t<div class=\"w-separator size_small\"><\/div><\/div><\/div><\/div><\/div><\/div><\/section><section class=\"l-section wpb_row height_auto\"><div class=\"l-section-overlay\" style=\"background:linear-gradient(180deg,#1f3685,#388dcc)\"><\/div><div class=\"l-section-h i-cf\"><div class=\"g-cols vc_row via_flex valign_top type_boxes stacking_default\"><div class=\"vc_col-sm-2 wpb_column vc_column_container\"><div class=\"vc_column-inner\"><div class=\"wpb_wrapper\"><\/div><\/div><\/div><div class=\"vc_col-sm-8 wpb_column vc_column_container\"><div class=\"vc_column-inner\"><div class=\"wpb_wrapper\"><div class=\"w-separator size_small\"><\/div><div class=\"wpb_text_column us_custom_2bae5452 has_text_color us_animate_this\"><div class=\"wpb_wrapper\"><h3 class=\"p1\">Notre \u00e9quipe commerciale est \u00e0 votre disposition pour <a href=\"https:\/\/adventisolutions.com\/fr\/contact\/\">apporter une r\u00e9ponse \u00e0 toutes vos interrogations<\/a>.<\/h3>\n<\/div><\/div><div class=\"w-separator size_small\"><\/div><\/div><\/div><\/div><div class=\"vc_col-sm-2 wpb_column vc_column_container\"><div class=\"vc_column-inner\"><div class=\"wpb_wrapper\"><\/div><\/div><\/div><\/div><\/div><\/section>\n","protected":false},"excerpt":{"rendered":"Fourniture industrielle Adventis fournit tout type de pi\u00e8ces de rechange pour effectuer la maintenance compl\u00e8te de vos actifs industriels, incluant les plus importantes marques sur le march\u00e9. EN SAVOIR PLUSLa gamme de roulements, rotules et accessoires la plus vaste au monde chez un seul fournisseur. CHA\u00ceNE DE FOURNITURES Fourniture de composants &#8211; MRO Roulements \u00c9l\u00e9ments...","protected":false},"author":1,"featured_media":0,"parent":0,"menu_order":0,"comment_status":"closed","ping_status":"closed","template":"","meta":{"inline_featured_image":false,"footnotes":""},"class_list":["post-9155","page","type-page","status-publish","hentry"],"acf":[],"_links":{"self":[{"href":"https:\/\/adventisolutions.com\/fr\/wp-json\/wp\/v2\/pages\/9155","targetHints":{"allow":["GET"]}}],"collection":[{"href":"https:\/\/adventisolutions.com\/fr\/wp-json\/wp\/v2\/pages"}],"about":[{"href":"https:\/\/adventisolutions.com\/fr\/wp-json\/wp\/v2\/types\/page"}],"author":[{"embeddable":true,"href":"https:\/\/adventisolutions.com\/fr\/wp-json\/wp\/v2\/users\/1"}],"replies":[{"embeddable":true,"href":"https:\/\/adventisolutions.com\/fr\/wp-json\/wp\/v2\/comments?post=9155"}],"version-history":[{"count":5,"href":"https:\/\/adventisolutions.com\/fr\/wp-json\/wp\/v2\/pages\/9155\/revisions"}],"predecessor-version":[{"id":9214,"href":"https:\/\/adventisolutions.com\/fr\/wp-json\/wp\/v2\/pages\/9155\/revisions\/9214"}],"wp:attachment":[{"href":"https:\/\/adventisolutions.com\/fr\/wp-json\/wp\/v2\/media?parent=9155"}],"curies":[{"name":"wp","href":"https:\/\/api.w.org\/{rel}","templated":true}]}}