{"id":9137,"date":"2022-05-09T07:51:58","date_gmt":"2022-05-09T07:51:58","guid":{"rendered":"https:\/\/adventisolutions.com\/maintenance-services\/"},"modified":"2022-10-03T11:29:47","modified_gmt":"2022-10-03T11:29:47","slug":"maintenance-services","status":"publish","type":"page","link":"https:\/\/adventisolutions.com\/fr\/maintenance-services\/","title":{"rendered":"Services de maintenance"},"content":{"rendered":"<section class=\"l-section wpb_row us_custom_ac998c92 height_custom color_primary\"><div class=\"l-section-h i-cf\"><div class=\"g-cols vc_row via_flex valign_top type_default stacking_default\"><div class=\"vc_col-sm-12 wpb_column vc_column_container\"><div class=\"vc_column-inner\"><div class=\"wpb_wrapper\"><div class=\"w-separator size_custom\" style=\"height:5vh\" id=\"e180\"><style>@media(max-width:1024px){ #e180{height:0px!important}}@media(max-width:600px){ #e180{height:0px!important}}<\/style><\/div><div class=\"g-cols wpb_row via_flex valign_top type_boxes stacking_default\"><div class=\"vc_col-sm-6 wpb_column vc_column_container  hide_on_tablets hide_on_mobiles\"><div class=\"vc_column-inner\"><div class=\"wpb_wrapper\"><\/div><\/div><\/div><div class=\"vc_col-sm-6 wpb_column vc_column_container\"><div class=\"vc_column-inner\"><div class=\"wpb_wrapper\"><div class=\"wpb_text_column us_custom_3877d9e2 has_text_color us_animate_this\"><div class=\"wpb_wrapper\"><h2 class=\"p1\">Services de maintenance<\/h2>\n<\/div><\/div><div class=\"w-separator size_small\"><\/div><div class=\"wpb_text_column us_custom_2dbb3a12 has_text_color us_animate_this\"><div class=\"wpb_wrapper\"><p class=\"p1\">De la gestion cl\u00e9 en main jusqu&rsquo;\u00e0 la main d&rsquo;\u0153uvre compl\u00e9mentaire et les projets \u00e0 court terme, nous proposons les services de maintenance industrielle dont vous avez besoin pour que vos actifs fonctionnent mieux.<\/p>\n<\/div><\/div><div class=\"w-separator size_small\"><\/div><div class=\"w-btn-wrapper align_none\"><a class=\"w-btn us-btn-style_1 us_custom_099c62dc us_animate_this\" href=\"#plus\"><span class=\"w-btn-label\">EN SAVOIR PLUS<\/span><\/a><\/div><\/div><\/div><\/div><\/div><div class=\"w-separator size_custom\" style=\"height:5vh\"><\/div><\/div><\/div><\/div><\/div><\/div><\/section><section class=\"l-section wpb_row height_auto\" id=\"plus\"><div class=\"l-section-h i-cf\"><div class=\"g-cols vc_row via_flex valign_top type_boxes stacking_default\"><div class=\"vc_col-sm-6 wpb_column vc_column_container\"><div class=\"vc_column-inner\"><div class=\"wpb_wrapper\"><div class=\"wpb_text_column us_custom_146837d5 has_text_color us_animate_this\"><div class=\"wpb_wrapper\"><h2 class=\"p1\">Solution personnalis\u00e9e<\/h2>\n<\/div><\/div><div class=\"w-separator size_small\"><\/div><div class=\"wpb_text_column us_custom_e7816e66 has_text_color us_animate_this\"><div class=\"wpb_wrapper\"><p>Choisissez des services unitaires ou composez-les pour obtenir une solution de maintenance industrielle personnalis\u00e9e et int\u00e9gr\u00e9e. Nous vous fournissons une productivit\u00e9 am\u00e9lior\u00e9e, une r\u00e9duction des temps d&rsquo;inactivit\u00e9 et des r\u00e9sultats quantifiables gr\u00e2ce \u00e0 nos solutions de maintenance industrielle fond\u00e9es sur les technologies de pointe.<\/p>\n<\/div><\/div><div class=\"w-separator size_small\"><\/div><div class=\"w-grid us_custom_60e9caca us_animate_this type_carousel layout_gallery_default\" id=\"us_grid_1\"><style>.layout_gallery_default .w-grid-item-h{}<\/style><div class=\"w-grid-list owl-carousel navstyle_circle navpos_outside with_dots\">\t<article class=\"w-grid-item post-9014 attachment type-attachment status-inherit hentry\" data-id=\"9014\">\r\n\t\t<div class=\"w-grid-item-h\">\r\n\t\t\t\t\t\t<div class=\"w-post-elm post_image usg_post_image_1 stretched\"><img loading=\"lazy\" decoding=\"async\" width=\"1200\" height=\"800\" src=\"https:\/\/adventisolutions.com\/wp-content\/uploads\/2022\/05\/servicios-de-mantenimiento.jpg\" class=\"attachment-us_600_600_crop size-us_600_600_crop\" alt=\"\" srcset=\"https:\/\/adventisolutions.com\/wp-content\/uploads\/2022\/05\/servicios-de-mantenimiento.jpg 1200w, https:\/\/adventisolutions.com\/wp-content\/uploads\/2022\/05\/servicios-de-mantenimiento-300x200.jpg 300w, https:\/\/adventisolutions.com\/wp-content\/uploads\/2022\/05\/servicios-de-mantenimiento-1024x683.jpg 1024w\" sizes=\"auto, (max-width: 1200px) 100vw, 1200px\" \/><\/div>\t\t<\/div>\r\n\t<\/article>\r\n\t<article class=\"w-grid-item post-9012 attachment type-attachment status-inherit hentry\" data-id=\"9012\">\r\n\t\t<div class=\"w-grid-item-h\">\r\n\t\t\t\t\t\t<div class=\"w-post-elm post_image usg_post_image_1 stretched\"><img loading=\"lazy\" decoding=\"async\" width=\"1200\" height=\"800\" src=\"https:\/\/adventisolutions.com\/wp-content\/uploads\/2022\/05\/servicios-de-mantenimiento-01.jpg\" class=\"attachment-us_600_600_crop size-us_600_600_crop\" alt=\"\" srcset=\"https:\/\/adventisolutions.com\/wp-content\/uploads\/2022\/05\/servicios-de-mantenimiento-01.jpg 1200w, https:\/\/adventisolutions.com\/wp-content\/uploads\/2022\/05\/servicios-de-mantenimiento-01-300x200.jpg 300w, https:\/\/adventisolutions.com\/wp-content\/uploads\/2022\/05\/servicios-de-mantenimiento-01-1024x683.jpg 1024w\" sizes=\"auto, (max-width: 1200px) 100vw, 1200px\" \/><\/div>\t\t<\/div>\r\n\t<\/article>\r\n<\/div><div class=\"g-preloader type_1\">\r\n\t<div><\/div>\r\n<\/div>\r\n\t<div class=\"w-grid-json hidden\" onclick='return {&quot;action&quot;:&quot;us_ajax_grid&quot;,&quot;ajax_url&quot;:&quot;https:\\\/\\\/adventisolutions.com\\\/wp-admin\\\/admin-ajax.php&quot;,&quot;infinite_scroll&quot;:0,&quot;max_num_pages&quot;:1,&quot;pagination&quot;:&quot;none&quot;,&quot;permalink_url&quot;:&quot;https:\\\/\\\/adventisolutions.com\\\/fr\\\/wp-json\\\/wp\\\/v2\\\/pages\\\/9137\\\/&quot;,&quot;template_vars&quot;:{&quot;columns&quot;:&quot;1&quot;,&quot;exclude_items&quot;:&quot;none&quot;,&quot;img_size&quot;:&quot;default&quot;,&quot;ignore_items_size&quot;:false,&quot;items_layout&quot;:&quot;gallery_default&quot;,&quot;items_offset&quot;:&quot;1&quot;,&quot;load_animation&quot;:&quot;none&quot;,&quot;overriding_link&quot;:&quot;none&quot;,&quot;post_id&quot;:9137,&quot;query_args&quot;:{&quot;post_type&quot;:[&quot;attachment&quot;],&quot;post__in&quot;:[&quot;8391&quot;,&quot;8390&quot;],&quot;post_status&quot;:&quot;inherit&quot;,&quot;post_mime_type&quot;:&quot;image&quot;,&quot;posts_per_page&quot;:&quot;10&quot;},&quot;orderby_query_args&quot;:{&quot;orderby&quot;:{&quot;date&quot;:&quot;DESC&quot;}},&quot;type&quot;:&quot;carousel&quot;,&quot;us_grid_ajax_index&quot;:1,&quot;us_grid_filter_params&quot;:null,&quot;us_grid_index&quot;:1,&quot;_us_grid_post_type&quot;:&quot;attachment&quot;,&quot;lang&quot;:&quot;fr&quot;},&quot;carousel_settings&quot;:{&quot;autoHeight&quot;:0,&quot;autoplay&quot;:1,&quot;carousel_fade&quot;:0,&quot;center&quot;:0,&quot;dots&quot;:1,&quot;items&quot;:&quot;1&quot;,&quot;loop&quot;:true,&quot;nav&quot;:0,&quot;slideby&quot;:&quot;1&quot;,&quot;smooth_play&quot;:0,&quot;speed&quot;:250,&quot;timeout&quot;:3000,&quot;transition&quot;:&quot;&quot;},&quot;carousel_breakpoints&quot;:{&quot;0&quot;:{&quot;autoHeight&quot;:0,&quot;autoplay&quot;:1,&quot;autoplayHoverPause&quot;:1,&quot;items&quot;:1,&quot;loop&quot;:true,&quot;stagePadding&quot;:0},&quot;600&quot;:{&quot;autoHeight&quot;:0,&quot;autoplay&quot;:1,&quot;autoplayHoverPause&quot;:1,&quot;items&quot;:1,&quot;loop&quot;:true,&quot;stagePadding&quot;:0},&quot;900&quot;:{&quot;autoHeight&quot;:0,&quot;autoplay&quot;:1,&quot;autoplayHoverPause&quot;:1,&quot;items&quot;:1,&quot;loop&quot;:true,&quot;stagePadding&quot;:0},&quot;1200&quot;:{&quot;items&quot;:1,&quot;stagePadding&quot;:0}}}'><\/div>\r\n\t<\/div><div class=\"w-image us_custom_de19ce2c us_animate_this  hide_on_tablets hide_on_mobiles align_none\"><div class=\"w-image-h\"><img loading=\"lazy\" decoding=\"async\" width=\"1024\" height=\"1024\" src=\"https:\/\/adventisolutions.com\/wp-content\/uploads\/2022\/04\/resplandor_circulo.svg\" class=\"attachment-large size-large\" alt=\"\" \/><\/div><\/div><\/div><\/div><\/div><div class=\"vc_col-sm-6 wpb_column vc_column_container \"><div class=\"vc_column-inner us_custom_1805f9ee us_animate_this\"><div class=\"wpb_wrapper\"><div class=\"w-image us_custom_cccd5785 us_animate_this  hide_on_tablets hide_on_mobiles align_none\"><div class=\"w-image-h\"><img loading=\"lazy\" decoding=\"async\" width=\"1024\" height=\"1024\" src=\"https:\/\/adventisolutions.com\/wp-content\/uploads\/2022\/04\/resplandor_circulo.svg\" class=\"attachment-large size-large\" alt=\"\" \/><\/div><\/div><div class=\"w-image us_custom_cc93526f align_none\"><div class=\"w-image-h\"><img loading=\"lazy\" decoding=\"async\" width=\"1200\" height=\"768\" src=\"https:\/\/adventisolutions.com\/wp-content\/uploads\/2022\/05\/servicios-mantenimiento.jpg\" class=\"attachment-full size-full\" alt=\"\" srcset=\"https:\/\/adventisolutions.com\/wp-content\/uploads\/2022\/05\/servicios-mantenimiento.jpg 1200w, https:\/\/adventisolutions.com\/wp-content\/uploads\/2022\/05\/servicios-mantenimiento-300x192.jpg 300w, https:\/\/adventisolutions.com\/wp-content\/uploads\/2022\/05\/servicios-mantenimiento-1024x655.jpg 1024w\" sizes=\"auto, (max-width: 1200px) 100vw, 1200px\" \/><\/div><\/div><div class=\"wpb_text_column us_custom_052fc33a has_text_color\"><div class=\"wpb_wrapper\"><p>Nous adaptons nos services aux besoins en production de l&rsquo;industrie.<\/p>\n<\/div><\/div><div class=\"w-separator size_small\"><\/div><div class=\"wpb_text_column us_custom_580f31f2 has_text_color\"><div class=\"wpb_wrapper\"><h3 class=\"p1\">Notre engagement vis-\u00e0-vis de notre client\u00e8le<\/h3>\n<\/div><\/div><div class=\"w-separator size_small\"><\/div><div class=\"wpb_text_column us_custom_d01587f7 has_text_color\"><div class=\"wpb_wrapper\"><p>Notre engagement aupr\u00e8s de notre client\u00e8le nous a amen\u00e9s \u00e0 la cr\u00e9ation d&rsquo;un service technique con\u00e7u pour apporter une assistance int\u00e9grale concernant tous vos besoins, ce qui se traduit par un process de maintenance et une assistance technique permanente.<\/p>\n<\/div><\/div><div class=\"wpb_text_column us_custom_d01587f7 has_text_color\"><div class=\"wpb_wrapper\"><p>Des professionnels \u00e0 l&rsquo;exp\u00e9rience prouv\u00e9e dans le domaine de la maintenance. Nous formons notre personnel technique pour les services de maintenance suivants.<\/p>\n<ul>\n<li>Corrective.<\/li>\n<li>Pr\u00e9ventive.<\/li>\n<li>Pr\u00e9dictive.<\/li>\n<li>Ing\u00e9nierie MTO.<\/li>\n<li>Ressources techniques.<\/li>\n<li>Installation et certification d&rsquo;\u00e9l\u00e9vateurs (\u00e9olien)<\/li>\n<\/ul>\n<\/div><\/div><\/div><\/div><\/div><\/div><\/div><\/section><section class=\"l-section wpb_row height_auto\"><div class=\"l-section-overlay\" style=\"background:linear-gradient(180deg,#1f3685,#388dcc)\"><\/div><div class=\"l-section-h i-cf\"><div class=\"g-cols vc_row via_flex valign_top type_boxes stacking_default\"><div class=\"vc_col-sm-2 wpb_column vc_column_container\"><div class=\"vc_column-inner\"><div class=\"wpb_wrapper\"><\/div><\/div><\/div><div class=\"vc_col-sm-8 wpb_column vc_column_container\"><div class=\"vc_column-inner\"><div class=\"wpb_wrapper\"><div class=\"w-separator size_small\"><\/div><div class=\"wpb_text_column us_custom_2bae5452 has_text_color us_animate_this\"><div class=\"wpb_wrapper\"><h3 class=\"p1\">Notre \u00e9quipe commerciale est \u00e0 votre disposition pour <a href=\"https:\/\/adventisolutions.com\/fr\/contact\/\">apporter une r\u00e9ponse \u00e0 toutes vos interrogations<\/a>.<\/h3>\n<\/div><\/div><div class=\"w-separator size_small\"><\/div><\/div><\/div><\/div><div class=\"vc_col-sm-2 wpb_column vc_column_container\"><div class=\"vc_column-inner\"><div class=\"wpb_wrapper\"><\/div><\/div><\/div><\/div><\/div><\/section>\n","protected":false},"excerpt":{"rendered":"","protected":false},"author":1,"featured_media":0,"parent":0,"menu_order":0,"comment_status":"closed","ping_status":"closed","template":"","meta":{"inline_featured_image":false,"footnotes":""},"class_list":["post-9137","page","type-page","status-publish","hentry"],"acf":[],"_links":{"self":[{"href":"https:\/\/adventisolutions.com\/fr\/wp-json\/wp\/v2\/pages\/9137","targetHints":{"allow":["GET"]}}],"collection":[{"href":"https:\/\/adventisolutions.com\/fr\/wp-json\/wp\/v2\/pages"}],"about":[{"href":"https:\/\/adventisolutions.com\/fr\/wp-json\/wp\/v2\/types\/page"}],"author":[{"embeddable":true,"href":"https:\/\/adventisolutions.com\/fr\/wp-json\/wp\/v2\/users\/1"}],"replies":[{"embeddable":true,"href":"https:\/\/adventisolutions.com\/fr\/wp-json\/wp\/v2\/comments?post=9137"}],"version-history":[{"count":5,"href":"https:\/\/adventisolutions.com\/fr\/wp-json\/wp\/v2\/pages\/9137\/revisions"}],"predecessor-version":[{"id":9199,"href":"https:\/\/adventisolutions.com\/fr\/wp-json\/wp\/v2\/pages\/9137\/revisions\/9199"}],"wp:attachment":[{"href":"https:\/\/adventisolutions.com\/fr\/wp-json\/wp\/v2\/media?parent=9137"}],"curies":[{"name":"wp","href":"https:\/\/api.w.org\/{rel}","templated":true}]}}