{"id":9131,"date":"2022-05-09T11:25:57","date_gmt":"2022-05-09T11:25:57","guid":{"rendered":"https:\/\/adventisolutions.com\/logistics\/"},"modified":"2022-10-03T11:29:28","modified_gmt":"2022-10-03T11:29:28","slug":"logistics","status":"publish","type":"page","link":"https:\/\/adventisolutions.com\/fr\/logistics\/","title":{"rendered":"Logistique"},"content":{"rendered":"<section class=\"l-section wpb_row us_custom_bf26d710 height_custom color_primary\"><div class=\"l-section-h i-cf\"><div class=\"g-cols vc_row via_flex valign_top type_default stacking_default\"><div class=\"vc_col-sm-12 wpb_column vc_column_container\"><div class=\"vc_column-inner\"><div class=\"wpb_wrapper\"><div class=\"w-separator size_custom\" style=\"height:5vh\" id=\"jd62\"><style>@media(max-width:1024px){ #jd62{height:0px!important}}@media(max-width:600px){ #jd62{height:0px!important}}<\/style><\/div><div class=\"g-cols wpb_row via_flex valign_top type_boxes stacking_default\"><div class=\"vc_col-sm-6 wpb_column vc_column_container  hide_on_tablets hide_on_mobiles\"><div class=\"vc_column-inner\"><div class=\"wpb_wrapper\"><\/div><\/div><\/div><div class=\"vc_col-sm-6 wpb_column vc_column_container\"><div class=\"vc_column-inner\"><div class=\"wpb_wrapper\"><div class=\"wpb_text_column us_custom_3877d9e2 has_text_color us_animate_this\"><div class=\"wpb_wrapper\"><h2 class=\"p1\">Logistique<\/h2>\n<\/div><\/div><div class=\"w-separator size_small\"><\/div><div class=\"wpb_text_column us_custom_2d8e8362 has_text_color us_animate_this\"><div class=\"wpb_wrapper\"><p>En tant que fabricant industriel, vous avez \u00e0 g\u00e9rer une infinit\u00e9 de choses. D\u00e9veloppement de produit, op\u00e9rations, process, \u00e9quipements, marketing, ventes, etc. Vous avez besoin de vous centrer sur votre activit\u00e9 principale, sans \u00eatre distrait par le stockage, le transport, la fourniture, la livraison et autres fonctions logistiques g\u00e9r\u00e9es avec une plus grande efficacit\u00e9 par des professionnels comp\u00e9tents et qualifi\u00e9s.<\/p>\n<p>Les fabricants industriels doivent faire face \u00e0 des probl\u00e8mes de logistique hautement sp\u00e9cialis\u00e9s. Leur r\u00f4le principal est le d\u00e9veloppement et la fabrication de produits. Mais leur succ\u00e8s d\u00e9pend du flux d&rsquo;entr\u00e9e des composants et la sortie d&rsquo;envois et de produits finis. Pour cette raison la logistique est un facteur essentiel dans toutes leurs activit\u00e9s.<\/p>\n<\/div><\/div><div class=\"w-separator size_small\"><\/div><div class=\"w-btn-wrapper align_none\"><a class=\"w-btn us-btn-style_1 us_custom_dad3b0d4\" href=\"#ensavoirplus\"><span class=\"w-btn-label\">EN SAVOIR PLUS<\/span><\/a><\/div><\/div><\/div><\/div><\/div><div class=\"w-separator size_custom\" style=\"height:5vh\"><\/div><\/div><\/div><\/div><\/div><\/div><\/section><section class=\"l-section wpb_row height_auto\" id=\"ensavoirplus\"><div class=\"l-section-h i-cf\"><div class=\"g-cols vc_row via_flex valign_top type_boxes stacking_default\"><div class=\"vc_col-sm-6 wpb_column vc_column_container\"><div class=\"vc_column-inner\"><div class=\"wpb_wrapper\"><div class=\"wpb_text_column us_custom_21dc5fcd has_text_color us_animate_this\"><div class=\"wpb_wrapper\"><h2 class=\"p1\">Adventis le permet. Nous connaissons le monde industriel. Nous connaissons la logistique. Nous connaissons tout ce qui est n\u00e9cessaire pour dynamiser votre succ\u00e8s.<\/h2>\n<\/div><\/div><div class=\"w-separator size_small\"><\/div><div class=\"wpb_text_column us_custom_39ef01bd has_text_color us_animate_this\"><div class=\"wpb_wrapper\"><p><strong>Adventis<\/strong> est une soci\u00e9t\u00e9 faisant partie du <strong>Groupe d&rsquo;entreprises Telebearing<\/strong>. Un groupe n\u00e9 d&rsquo;un leadership industriel sp\u00e9cialis\u00e9 dans la fourniture de services logistiques aux entreprises industrielles.<\/p>\n<p>De par l&rsquo;exp\u00e9rience accumul\u00e9e au fil des ann\u00e9es dans notre groupe Telebearing en tant que groupe de services de logistique sp\u00e9cialis\u00e9s, son personnel qualifi\u00e9 et motiv\u00e9 joue un r\u00f4le essentiel dans la fourniture d&rsquo;un service d&rsquo;exception \u00e0 notre client\u00e8le. Nous consid\u00e9rons notre \u00e9quipe humaine comme notre plus pr\u00e9cieuse ressource et nous \u0153uvrons sans rel\u00e2che dans le d\u00e9veloppement de la qualification, formation et les comp\u00e9tences de nos employ\u00e9s. La priorit\u00e9 donn\u00e9e \u00e0 nos ressources humaines apporte \u00e0 notre client\u00e8le l&rsquo;assurance de pouvoir compter sur des employ\u00e9s \u00e0 l&rsquo;exp\u00e9rience \u00e9prouv\u00e9e, aux connaissances approfondies, qui sont fiers de leur rendement et s&rsquo;investissent dans leur succ\u00e8s.<\/p>\n<p>Les connaissances <strong>acquises au fil des ann\u00e9es aupr\u00e8s du Groupe Telebearing <\/strong> permettent \u00e0<strong> Adventis<\/strong> de fournir <strong>des atouts uniques aux fabricants et aux entreprises industrielles<\/strong>.Telebearing a fourni pendant des ann\u00e9es des composants primordiaux pour le fonctionnement de presses \u00e0 papier, pompes \u00e0 p\u00e9trole, r\u00e9acteurs, roues de v\u00e9hicules et des milliers d&rsquo;autres produits pour tous les types de fabrication. Sans ces produits, les machines cesseraient de fonctionner et les usines cesseraient de produire. Pour cette raison, quand un client d&rsquo;<strong>Adventis <\/strong>a besoin d&rsquo;un produit, il en a besoin TOUT DE SUITE. Cela vous dit quelque chose ?<\/p>\n<\/div><\/div><div class=\"w-separator size_small\"><\/div><\/div><\/div><\/div><div class=\"vc_col-sm-6 wpb_column vc_column_container \"><div class=\"vc_column-inner us_custom_1805f9ee us_animate_this\"><div class=\"wpb_wrapper\"><div class=\"w-image us_custom_cccd5785 us_animate_this  hide_on_tablets hide_on_mobiles align_none\"><div class=\"w-image-h\"><img loading=\"lazy\" decoding=\"async\" width=\"1024\" height=\"1024\" src=\"https:\/\/adventisolutions.com\/wp-content\/uploads\/2022\/04\/resplandor_circulo.svg\" class=\"attachment-large size-large\" alt=\"\" \/><\/div><\/div><div class=\"w-image us_custom_cc93526f align_none\"><div class=\"w-image-h\"><img loading=\"lazy\" decoding=\"async\" width=\"1200\" height=\"675\" src=\"https:\/\/adventisolutions.com\/wp-content\/uploads\/2022\/05\/logistica.jpg\" class=\"attachment-full size-full\" alt=\"\" srcset=\"https:\/\/adventisolutions.com\/wp-content\/uploads\/2022\/05\/logistica.jpg 1200w, https:\/\/adventisolutions.com\/wp-content\/uploads\/2022\/05\/logistica-300x169.jpg 300w, https:\/\/adventisolutions.com\/wp-content\/uploads\/2022\/05\/logistica-1024x576.jpg 1024w\" sizes=\"auto, (max-width: 1200px) 100vw, 1200px\" \/><\/div><\/div><div class=\"wpb_text_column us_custom_052fc33a has_text_color\"><div class=\"wpb_wrapper\"><p class=\"p1\">Chez Adventis, nous connaissons bien l&rsquo;importance de la r\u00e9ception de fournitures pour garder intacte votre production. Pour garantir que nos clients comme nous-m\u00eames avons \u00e0 disposition <strong>pr\u00e9cis\u00e9ment ce dont nous avons besoin<\/strong>, <strong>exactement quand nous en avons besoin<\/strong><\/p>\n<\/div><\/div><div class=\"w-separator size_small\"><\/div><div class=\"wpb_text_column us_custom_007965ef has_text_color\"><div class=\"wpb_wrapper\"><h3 class=\"p1\">Nous savons que&#8230;<\/h3>\n<\/div><\/div><div class=\"w-separator size_small\"><\/div><div class=\"w-tabs style_default switch_click accordion remove_indents\" style=\"--sections-title-size:1.5rem\"><div class=\"w-tabs-sections titles-align_none icon_chevron cpos_right\"><div class=\"w-tabs-section active has_text_color\" id=\"t7c2\" style=\"color:#1f3685;\"><button aria-controls=\"content-t7c2\" class=\"w-tabs-section-header active\"><h3 class=\"w-tabs-section-title\">La productivit\u00e9 est vitale.<\/h3><div class=\"w-tabs-section-control\"><\/div><\/button><div  class=\"w-tabs-section-content us_custom_33fe73d0\" id=\"content-t7c2\" aria-expanded=\"true\"><div class=\"w-tabs-section-content-h i-cf\"><div class=\"w-separator size_small\"><\/div><div class=\"wpb_text_column us_custom_52250da6 has_text_color with_collapsible_content\" data-content-height=\"100px\"><div class=\"wpb_wrapper\"><p>Les composants et les fournitures de production doivent \u00eatre pr\u00e9sents quand ils sont n\u00e9cessaires au maintien des lignes en fonctionnement et des co\u00fbts sous contr\u00f4le.<\/p>\n<\/div><div class=\"toggle-links align_none\"><a href=\"javascript:void(0)\" class=\"collapsible-content-more\">Ver m\u00e1s<\/a><a href=\"javascript:void(0)\" class=\"collapsible-content-less\">Ver menos<\/a><\/div><\/div><div class=\"w-separator size_small\"><\/div><\/div><\/div><\/div><div class=\"w-tabs-section has_text_color\" id=\"ea12\" style=\"color:#1f3685;\"><button aria-controls=\"content-ea12\" class=\"w-tabs-section-header\"><h3 class=\"w-tabs-section-title\">Les relations avec les clients sont essentielles.<\/h3><div class=\"w-tabs-section-control\"><\/div><\/button><div  class=\"w-tabs-section-content us_custom_33fe73d0\" id=\"content-ea12\" aria-expanded=\"false\"><div class=\"w-tabs-section-content-h i-cf\"><div class=\"w-separator size_small\"><\/div><div class=\"wpb_text_column us_custom_52250da6 has_text_color\"><div class=\"wpb_wrapper\"><p>Les retards dans les livraisons sont inacceptables. La fourniture de vos produits finis doit \u00eatre rapide et absolument fiable.<\/p>\n<\/div><\/div><div class=\"w-separator size_small\"><\/div><\/div><\/div><\/div><div class=\"w-tabs-section has_text_color\" id=\"zc6a\" style=\"color:#1f3685;\"><button aria-controls=\"content-zc6a\" class=\"w-tabs-section-header\"><h3 class=\"w-tabs-section-title\">La mondialisation se poursuit.<\/h3><div class=\"w-tabs-section-control\"><\/div><\/button><div  class=\"w-tabs-section-content us_custom_33fe73d0\" id=\"content-zc6a\" aria-expanded=\"false\"><div class=\"w-tabs-section-content-h i-cf\"><div class=\"w-separator size_small\"><\/div><div class=\"wpb_text_column us_custom_52250da6 has_text_color\"><div class=\"wpb_wrapper\"><p>Le rythme doit \u00eatre maintenu. Vous avez besoin d&rsquo;un partenaire d&rsquo;envergure internationale pour accompagner votre d\u00e9veloppement.<\/p>\n<\/div><\/div><div class=\"w-separator size_small\"><\/div><\/div><\/div><\/div><div class=\"w-tabs-section has_text_color\" id=\"qec8\" style=\"color:#1f3685;\"><button aria-controls=\"content-qec8\" class=\"w-tabs-section-header\"><h3 class=\"w-tabs-section-title\">La technologie apporte de la valeur ajout\u00e9e.<\/h3><div class=\"w-tabs-section-control\"><\/div><\/button><div  class=\"w-tabs-section-content us_custom_33fe73d0\" id=\"content-qec8\" aria-expanded=\"false\"><div class=\"w-tabs-section-content-h i-cf\"><div class=\"w-separator size_small\"><\/div><div class=\"wpb_text_column us_custom_52250da6 has_text_color\"><div class=\"wpb_wrapper\"><p class=\"p1\">Uniquement si vous y avez acc\u00e8s. Vous avez besoin d&rsquo;une entreprise de logistique poss\u00e9dant des technologies int\u00e9gr\u00e9es et des outils de commerce \u00e9lectronique de pointe pour simplifier les transactions et am\u00e9liorer le flux des informations.<\/p>\n<\/div><\/div><div class=\"w-separator size_small\"><\/div><\/div><\/div><\/div><div class=\"w-tabs-section has_text_color\" id=\"b0fd\" style=\"color:#1f3685;\"><button aria-controls=\"content-b0fd\" class=\"w-tabs-section-header\"><h3 class=\"w-tabs-section-title\">La rentabilit\u00e9 est un point critique.<\/h3><div class=\"w-tabs-section-control\"><\/div><\/button><div  class=\"w-tabs-section-content us_custom_33fe73d0\" id=\"content-b0fd\" aria-expanded=\"false\"><div class=\"w-tabs-section-content-h i-cf\"><div class=\"w-separator size_small\"><\/div><div class=\"wpb_text_column us_custom_52250da6 has_text_color\"><div class=\"wpb_wrapper\"><p>Il faudra alors saisir toutes les opportunit\u00e9s pour r\u00e9duire les co\u00fbts. Vous avez besoin d&rsquo;une entreprise qui vous aidera \u00e0 \u00e9conomiser de l&rsquo;argent tout en conservant votre qualit\u00e9 et votre int\u00e9grit\u00e9.<\/p>\n<\/div><\/div><div class=\"w-separator size_small\"><\/div><\/div><\/div><\/div><\/div><\/div><\/div><\/div><\/div><\/div><\/div><\/section><section class=\"l-section wpb_row height_auto\"><div class=\"l-section-overlay\" style=\"background:linear-gradient(180deg,#1f3685,#388dcc)\"><\/div><div class=\"l-section-h i-cf\"><div class=\"g-cols vc_row via_flex valign_top type_boxes stacking_default\"><div class=\"vc_col-sm-2 wpb_column vc_column_container\"><div class=\"vc_column-inner\"><div class=\"wpb_wrapper\"><\/div><\/div><\/div><div class=\"vc_col-sm-8 wpb_column vc_column_container\"><div class=\"vc_column-inner\"><div class=\"wpb_wrapper\"><div class=\"w-separator size_small\"><\/div><div class=\"wpb_text_column us_custom_2bae5452 has_text_color us_animate_this\"><div class=\"wpb_wrapper\"><h3 class=\"p1\">Notre \u00e9quipe commerciale est \u00e0 votre disposition pour <a href=\"https:\/\/adventisolutions.com\/fr\/contact\/\">apporter une r\u00e9ponse \u00e0 toutes vos interrogations<\/a>.<\/h3>\n<\/div><\/div><div class=\"w-separator size_small\"><\/div><\/div><\/div><\/div><div class=\"vc_col-sm-2 wpb_column vc_column_container\"><div class=\"vc_column-inner\"><div class=\"wpb_wrapper\"><\/div><\/div><\/div><\/div><\/div><\/section>\n","protected":false},"excerpt":{"rendered":"Logistique En tant que fabricant industriel, vous avez \u00e0 g\u00e9rer une infinit\u00e9 de choses. D\u00e9veloppement de produit, op\u00e9rations, process, \u00e9quipements, marketing, ventes, etc. Vous avez besoin de vous centrer sur votre activit\u00e9 principale, sans \u00eatre distrait par le stockage, le transport, la fourniture, la livraison et autres fonctions logistiques g\u00e9r\u00e9es avec une plus grande efficacit\u00e9...","protected":false},"author":1,"featured_media":0,"parent":0,"menu_order":0,"comment_status":"closed","ping_status":"closed","template":"","meta":{"inline_featured_image":false,"footnotes":""},"class_list":["post-9131","page","type-page","status-publish","hentry"],"acf":[],"_links":{"self":[{"href":"https:\/\/adventisolutions.com\/fr\/wp-json\/wp\/v2\/pages\/9131","targetHints":{"allow":["GET"]}}],"collection":[{"href":"https:\/\/adventisolutions.com\/fr\/wp-json\/wp\/v2\/pages"}],"about":[{"href":"https:\/\/adventisolutions.com\/fr\/wp-json\/wp\/v2\/types\/page"}],"author":[{"embeddable":true,"href":"https:\/\/adventisolutions.com\/fr\/wp-json\/wp\/v2\/users\/1"}],"replies":[{"embeddable":true,"href":"https:\/\/adventisolutions.com\/fr\/wp-json\/wp\/v2\/comments?post=9131"}],"version-history":[{"count":5,"href":"https:\/\/adventisolutions.com\/fr\/wp-json\/wp\/v2\/pages\/9131\/revisions"}],"predecessor-version":[{"id":9193,"href":"https:\/\/adventisolutions.com\/fr\/wp-json\/wp\/v2\/pages\/9131\/revisions\/9193"}],"wp:attachment":[{"href":"https:\/\/adventisolutions.com\/fr\/wp-json\/wp\/v2\/media?parent=9131"}],"curies":[{"name":"wp","href":"https:\/\/api.w.org\/{rel}","templated":true}]}}