{"id":9110,"date":"2022-05-25T15:05:41","date_gmt":"2022-05-25T15:05:41","guid":{"rendered":"https:\/\/adventisolutions.com\/history\/"},"modified":"2022-10-03T11:28:13","modified_gmt":"2022-10-03T11:28:13","slug":"history","status":"publish","type":"page","link":"https:\/\/adventisolutions.com\/fr\/history\/","title":{"rendered":"Historique"},"content":{"rendered":"<section class=\"l-section wpb_row us_custom_cfab62d3 height_custom color_primary\"><div class=\"l-section-h i-cf\"><div class=\"g-cols vc_row via_flex valign_top type_default stacking_default\"><div class=\"vc_col-sm-12 wpb_column vc_column_container\"><div class=\"vc_column-inner\"><div class=\"wpb_wrapper\"><div class=\"w-separator size_custom\" style=\"height:2vh\"><\/div><div class=\"g-cols wpb_row via_flex valign_top type_boxes stacking_default\"><div class=\"vc_col-sm-2 wpb_column vc_column_container\"><div class=\"vc_column-inner\"><div class=\"wpb_wrapper\"><\/div><\/div><\/div><div class=\"vc_col-sm-8 wpb_column vc_column_container\"><div class=\"vc_column-inner\"><div class=\"wpb_wrapper\"><div class=\"wpb_text_column us_custom_11f2629c has_text_color us_animate_this\"><div class=\"wpb_wrapper\"><h2 class=\"p1\">Nous sommes sp\u00e9cialis\u00e9s dans les solutions et services pour la maintenance industrielle.<\/h2>\n<\/div><\/div><\/div><\/div><\/div><div class=\"vc_col-sm-2 wpb_column vc_column_container\"><div class=\"vc_column-inner\"><div class=\"wpb_wrapper\"><\/div><\/div><\/div><\/div><\/div><\/div><\/div><\/div><\/div><\/section><section class=\"l-section wpb_row us_custom_675bfecc height_large\" id=\"mining\"><div class=\"l-section-overlay\" style=\"background:#ffffff\"><\/div><div class=\"l-section-h i-cf\"><div class=\"g-cols vc_row via_flex valign_middle type_default stacking_default\"><div class=\"vc_col-sm-8 wpb_column vc_column_container\"><div class=\"vc_column-inner\"><div class=\"wpb_wrapper\"><div class=\"wpb_text_column us_custom_b11feab8 has_text_color us_animate_this\"><div class=\"wpb_wrapper\"><h6 class=\"p1\"><span class=\"s1\">HISTORIQUE<\/span><\/h6>\n<\/div><\/div><div class=\"wpb_text_column us_custom_3155a699 has_text_color us_animate_this\"><div class=\"wpb_wrapper\"><h3 class=\"p1\">La compagnie a \u00e9t\u00e9 cr\u00e9\u00e9e en avril 1969 et s&rsquo;est sp\u00e9cialis\u00e9e dans les solutions et les services pour la maintenance industrielle sous l&rsquo;appellation initiale : Camara Decimavilla S.L.<\/h3>\n<\/div><\/div><div class=\"w-separator size_small\"><\/div><div class=\"wpb_text_column us_custom_6611c369 us_animate_this\"><div class=\"wpb_wrapper\"><p>En 1999, elle int\u00e8gre le groupement d&rsquo;entreprises Telebearing, consolidant nos capacit\u00e9s, ressources, exp\u00e9rience et garantie de qualit\u00e9 avec plus de 400 employ\u00e9s.<\/p>\n<p>Nous revendiquons plus de 12 ann\u00e9es d&rsquo;exp\u00e9rience dans le domaine des \u00e9nergies renouvelables et sommes sp\u00e9cialis\u00e9s dans le secteur de l&rsquo;\u00e9olien.<\/p>\n<p>Nous fondons notre strat\u00e9gie <strong><em>sur le partenariat et l&rsquo;implication dans un service de qualit\u00e9, avec une assistance  respectueuse des personnes et sinc\u00e8re vis-\u00e0-vis de notre client\u00e8le<\/em><\/strong><em>.<\/em><\/p>\n<\/div><\/div><\/div><\/div><\/div><div class=\"vc_col-sm-4 wpb_column vc_column_container\"><div class=\"vc_column-inner\"><div class=\"wpb_wrapper\"><\/div><\/div><\/div><\/div><\/div><\/section><section class=\"l-section wpb_row us_custom_0d15be52 height_auto\"><div class=\"l-section-h i-cf\"><div class=\"g-cols vc_row via_flex valign_top type_boxes stacking_default\"><div class=\"vc_col-sm-12 wpb_column vc_column_container\"><div class=\"vc_column-inner\"><div class=\"wpb_wrapper\"><div class=\"w-separator size_small\"><\/div><div class=\"w-grid us_custom_d038f95f us_animate_this type_carousel layout_8285 cols_4 no_gap\" id=\"us_grid_1\"><style>.layout_8285 .w-grid-item-h{}.layout_8285 .usg_post_title_1{color:#22304e!important}.layout_8285 .usg_post_custom_field_2{color:#424242!important;font-size:1.5rem!important}.layout_8285 .usg_vwrapper_1{padding-top:20px!important;padding-bottom:20px!important}.layout_8285 .usg_vwrapper_2{padding-left:20px!important;padding-right:20px!important}.layout_8285 .usg_vwrapper_3{padding-left:20px!important;padding-right:20px!important}<\/style><div class=\"w-grid-list owl-carousel navstyle_circle navpos_outside\" style=\"--arrows-size:1.8rem;\">\t<article class=\"w-grid-item post-9311 historia type-historia status-publish hentry\" data-id=\"9311\">\r\n\t\t<div class=\"w-grid-item-h\">\r\n\t\t\t\t\t\t<div class=\"w-vwrapper usg_vwrapper_1 align_none valign_bottom\"><div class=\"w-vwrapper usg_vwrapper_2 align_none valign_top\"><h5 class=\"w-post-elm post_title usg_post_title_1 entry-title color_link_inherit\">Fondation d&rsquo;entreprise<\/h5><div class=\"w-post-elm post_content usg_post_content_1\"><p>Camara Decimavilla SL<\/p>\n<\/div><\/div><div class=\"w-image usg_image_1\"><div class=\"w-image-h\"><img loading=\"lazy\" decoding=\"async\" width=\"600\" height=\"32\" src=\"https:\/\/adventisolutions.com\/wp-content\/uploads\/2022\/05\/historia-timeline.png\" class=\"attachment-full size-full\" alt=\"\" srcset=\"https:\/\/adventisolutions.com\/wp-content\/uploads\/2022\/05\/historia-timeline.png 600w, https:\/\/adventisolutions.com\/wp-content\/uploads\/2022\/05\/historia-timeline-300x16.png 300w\" sizes=\"auto, (max-width: 600px) 100vw, 600px\" \/><\/div><\/div><div class=\"w-vwrapper usg_vwrapper_3 align_none valign_top\"><h3 class=\"w-post-elm post_custom_field usg_post_custom_field_2 type_text\"><span class=\"w-post-elm-value\">1969<\/span><\/h3><\/div><\/div>\t\t<\/div>\r\n\t<\/article>\r\n\t<article class=\"w-grid-item post-9308 historia type-historia status-publish hentry\" data-id=\"9308\">\r\n\t\t<div class=\"w-grid-item-h\">\r\n\t\t\t\t\t\t<div class=\"w-vwrapper usg_vwrapper_1 align_none valign_bottom\"><div class=\"w-vwrapper usg_vwrapper_2 align_none valign_top\"><h5 class=\"w-post-elm post_title usg_post_title_1 entry-title color_link_inherit\">Int\u00e9gration au groupe Telebearing<\/h5><\/div><div class=\"w-image usg_image_1\"><div class=\"w-image-h\"><img loading=\"lazy\" decoding=\"async\" width=\"600\" height=\"32\" src=\"https:\/\/adventisolutions.com\/wp-content\/uploads\/2022\/05\/historia-timeline.png\" class=\"attachment-full size-full\" alt=\"\" srcset=\"https:\/\/adventisolutions.com\/wp-content\/uploads\/2022\/05\/historia-timeline.png 600w, https:\/\/adventisolutions.com\/wp-content\/uploads\/2022\/05\/historia-timeline-300x16.png 300w\" sizes=\"auto, (max-width: 600px) 100vw, 600px\" \/><\/div><\/div><div class=\"w-vwrapper usg_vwrapper_3 align_none valign_top\"><h3 class=\"w-post-elm post_custom_field usg_post_custom_field_2 type_text\"><span class=\"w-post-elm-value\">1999<\/span><\/h3><\/div><\/div>\t\t<\/div>\r\n\t<\/article>\r\n\t<article class=\"w-grid-item post-9313 historia type-historia status-publish hentry\" data-id=\"9313\">\r\n\t\t<div class=\"w-grid-item-h\">\r\n\t\t\t\t\t\t<div class=\"w-vwrapper usg_vwrapper_1 align_none valign_bottom\"><div class=\"w-vwrapper usg_vwrapper_2 align_none valign_top\"><h5 class=\"w-post-elm post_title usg_post_title_1 entry-title color_link_inherit\">Incorporation d&rsquo;activit\u00e9 dans le secteur des Renouvelables en Espagne et en Europe<\/h5><div class=\"w-post-elm post_content usg_post_content_1\"><p>Adventis S.L.<\/p>\n<\/div><\/div><div class=\"w-image usg_image_1\"><div class=\"w-image-h\"><img loading=\"lazy\" decoding=\"async\" width=\"600\" height=\"32\" src=\"https:\/\/adventisolutions.com\/wp-content\/uploads\/2022\/05\/historia-timeline.png\" class=\"attachment-full size-full\" alt=\"\" srcset=\"https:\/\/adventisolutions.com\/wp-content\/uploads\/2022\/05\/historia-timeline.png 600w, https:\/\/adventisolutions.com\/wp-content\/uploads\/2022\/05\/historia-timeline-300x16.png 300w\" sizes=\"auto, (max-width: 600px) 100vw, 600px\" \/><\/div><\/div><div class=\"w-vwrapper usg_vwrapper_3 align_none valign_top\"><h3 class=\"w-post-elm post_custom_field usg_post_custom_field_2 type_text\"><span class=\"w-post-elm-value\">2008<\/span><\/h3><\/div><\/div>\t\t<\/div>\r\n\t<\/article>\r\n\t<article class=\"w-grid-item post-9317 historia type-historia status-publish hentry\" data-id=\"9317\">\r\n\t\t<div class=\"w-grid-item-h\">\r\n\t\t\t\t\t\t<div class=\"w-vwrapper usg_vwrapper_1 align_none valign_bottom\"><div class=\"w-vwrapper usg_vwrapper_2 align_none valign_top\"><h5 class=\"w-post-elm post_title usg_post_title_1 entry-title color_link_inherit\">Am\u00e9rique latine<\/h5><div class=\"w-post-elm post_content usg_post_content_1\"><p>Adventis M\u00e9xico S.A. de C.V.<br \/>\nAdventis Republica Dominicana S.A.<\/p>\n<\/div><\/div><div class=\"w-image usg_image_1\"><div class=\"w-image-h\"><img loading=\"lazy\" decoding=\"async\" width=\"600\" height=\"32\" src=\"https:\/\/adventisolutions.com\/wp-content\/uploads\/2022\/05\/historia-timeline.png\" class=\"attachment-full size-full\" alt=\"\" srcset=\"https:\/\/adventisolutions.com\/wp-content\/uploads\/2022\/05\/historia-timeline.png 600w, https:\/\/adventisolutions.com\/wp-content\/uploads\/2022\/05\/historia-timeline-300x16.png 300w\" sizes=\"auto, (max-width: 600px) 100vw, 600px\" \/><\/div><\/div><div class=\"w-vwrapper usg_vwrapper_3 align_none valign_top\"><h3 class=\"w-post-elm post_custom_field usg_post_custom_field_2 type_text\"><span class=\"w-post-elm-value\">2012<\/span><\/h3><\/div><\/div>\t\t<\/div>\r\n\t<\/article>\r\n\t<article class=\"w-grid-item post-9319 historia type-historia status-publish hentry\" data-id=\"9319\">\r\n\t\t<div class=\"w-grid-item-h\">\r\n\t\t\t\t\t\t<div class=\"w-vwrapper usg_vwrapper_1 align_none valign_bottom\"><div class=\"w-vwrapper usg_vwrapper_2 align_none valign_top\"><h5 class=\"w-post-elm post_title usg_post_title_1 entry-title color_link_inherit\">Afrique<\/h5><div class=\"w-post-elm post_content usg_post_content_1\"><p>Adventis Maroc S.A.R.L.<\/p>\n<\/div><\/div><div class=\"w-image usg_image_1\"><div class=\"w-image-h\"><img loading=\"lazy\" decoding=\"async\" width=\"600\" height=\"32\" src=\"https:\/\/adventisolutions.com\/wp-content\/uploads\/2022\/05\/historia-timeline.png\" class=\"attachment-full size-full\" alt=\"\" srcset=\"https:\/\/adventisolutions.com\/wp-content\/uploads\/2022\/05\/historia-timeline.png 600w, https:\/\/adventisolutions.com\/wp-content\/uploads\/2022\/05\/historia-timeline-300x16.png 300w\" sizes=\"auto, (max-width: 600px) 100vw, 600px\" \/><\/div><\/div><div class=\"w-vwrapper usg_vwrapper_3 align_none valign_top\"><h3 class=\"w-post-elm post_custom_field usg_post_custom_field_2 type_text\"><span class=\"w-post-elm-value\">2016<\/span><\/h3><\/div><\/div>\t\t<\/div>\r\n\t<\/article>\r\n\t<article class=\"w-grid-item post-9321 historia type-historia status-publish hentry\" data-id=\"9321\">\r\n\t\t<div class=\"w-grid-item-h\">\r\n\t\t\t\t\t\t<div class=\"w-vwrapper usg_vwrapper_1 align_none valign_bottom\"><div class=\"w-vwrapper usg_vwrapper_2 align_none valign_top\"><h5 class=\"w-post-elm post_title usg_post_title_1 entry-title color_link_inherit\">La Roumanie et l&rsquo;Europe<\/h5><div class=\"w-post-elm post_content usg_post_content_1\"><p>Adventis Rumania S.R.L.<\/p>\n<\/div><\/div><div class=\"w-image usg_image_1\"><div class=\"w-image-h\"><img loading=\"lazy\" decoding=\"async\" width=\"600\" height=\"32\" src=\"https:\/\/adventisolutions.com\/wp-content\/uploads\/2022\/05\/historia-timeline.png\" class=\"attachment-full size-full\" alt=\"\" srcset=\"https:\/\/adventisolutions.com\/wp-content\/uploads\/2022\/05\/historia-timeline.png 600w, https:\/\/adventisolutions.com\/wp-content\/uploads\/2022\/05\/historia-timeline-300x16.png 300w\" sizes=\"auto, (max-width: 600px) 100vw, 600px\" \/><\/div><\/div><div class=\"w-vwrapper usg_vwrapper_3 align_none valign_top\"><h3 class=\"w-post-elm post_custom_field usg_post_custom_field_2 type_text\"><span class=\"w-post-elm-value\">2018<\/span><\/h3><\/div><\/div>\t\t<\/div>\r\n\t<\/article>\r\n\t<article class=\"w-grid-item post-9323 historia type-historia status-publish hentry\" data-id=\"9323\">\r\n\t\t<div class=\"w-grid-item-h\">\r\n\t\t\t\t\t\t<div class=\"w-vwrapper usg_vwrapper_1 align_none valign_bottom\"><div class=\"w-vwrapper usg_vwrapper_2 align_none valign_top\"><h5 class=\"w-post-elm post_title usg_post_title_1 entry-title color_link_inherit\">EE.UU.<\/h5><div class=\"w-post-elm post_content usg_post_content_1\"><p>Adventis USA Corp.<\/p>\n<\/div><\/div><div class=\"w-image usg_image_1\"><div class=\"w-image-h\"><img loading=\"lazy\" decoding=\"async\" width=\"600\" height=\"32\" src=\"https:\/\/adventisolutions.com\/wp-content\/uploads\/2022\/05\/historia-timeline.png\" class=\"attachment-full size-full\" alt=\"\" srcset=\"https:\/\/adventisolutions.com\/wp-content\/uploads\/2022\/05\/historia-timeline.png 600w, https:\/\/adventisolutions.com\/wp-content\/uploads\/2022\/05\/historia-timeline-300x16.png 300w\" sizes=\"auto, (max-width: 600px) 100vw, 600px\" \/><\/div><\/div><div class=\"w-vwrapper usg_vwrapper_3 align_none valign_top\"><h3 class=\"w-post-elm post_custom_field usg_post_custom_field_2 type_text\"><span class=\"w-post-elm-value\">2022<\/span><\/h3><\/div><\/div>\t\t<\/div>\r\n\t<\/article>\r\n<\/div><div class=\"g-preloader type_1\">\r\n\t<div><\/div>\r\n<\/div>\r\n\t<div class=\"w-grid-json hidden\" onclick='return {&quot;action&quot;:&quot;us_ajax_grid&quot;,&quot;ajax_url&quot;:&quot;https:\\\/\\\/adventisolutions.com\\\/wp-admin\\\/admin-ajax.php&quot;,&quot;infinite_scroll&quot;:0,&quot;max_num_pages&quot;:1,&quot;pagination&quot;:&quot;none&quot;,&quot;permalink_url&quot;:&quot;https:\\\/\\\/adventisolutions.com\\\/fr\\\/wp-json\\\/wp\\\/v2\\\/pages\\\/9110\\\/&quot;,&quot;template_vars&quot;:{&quot;columns&quot;:&quot;4&quot;,&quot;exclude_items&quot;:&quot;none&quot;,&quot;img_size&quot;:&quot;default&quot;,&quot;ignore_items_size&quot;:false,&quot;items_layout&quot;:&quot;8285&quot;,&quot;items_offset&quot;:&quot;1&quot;,&quot;load_animation&quot;:&quot;none&quot;,&quot;overriding_link&quot;:&quot;none&quot;,&quot;post_id&quot;:9110,&quot;query_args&quot;:{&quot;post_type&quot;:[&quot;historia&quot;],&quot;post_status&quot;:[&quot;publish&quot;,&quot;acf-disabled&quot;],&quot;posts_per_page&quot;:&quot;10&quot;},&quot;orderby_query_args&quot;:{&quot;meta_query&quot;:{&quot;_orderby_custom_&quot;:{&quot;relation&quot;:&quot;OR&quot;,&quot;0&quot;:{&quot;compare&quot;:&quot;EXISTS&quot;,&quot;key&quot;:&quot;ano&quot;,&quot;type&quot;:&quot;SIGNED&quot;},&quot;1&quot;:{&quot;compare&quot;:&quot;NOT EXISTS&quot;,&quot;key&quot;:&quot;ano&quot;,&quot;type&quot;:&quot;SIGNED&quot;}}},&quot;orderby&quot;:&quot;ano&quot;,&quot;order&quot;:&quot;ASC&quot;},&quot;type&quot;:&quot;carousel&quot;,&quot;us_grid_ajax_index&quot;:1,&quot;us_grid_filter_params&quot;:null,&quot;us_grid_index&quot;:1,&quot;_us_grid_post_type&quot;:&quot;historia&quot;,&quot;lang&quot;:&quot;fr&quot;},&quot;carousel_settings&quot;:{&quot;autoHeight&quot;:0,&quot;autoplay&quot;:0,&quot;carousel_fade&quot;:0,&quot;center&quot;:0,&quot;dots&quot;:0,&quot;items&quot;:&quot;4&quot;,&quot;loop&quot;:false,&quot;nav&quot;:1,&quot;slideby&quot;:&quot;1&quot;,&quot;smooth_play&quot;:0,&quot;speed&quot;:250,&quot;timeout&quot;:3000,&quot;transition&quot;:&quot;&quot;},&quot;carousel_breakpoints&quot;:{&quot;0&quot;:{&quot;autoHeight&quot;:0,&quot;autoplay&quot;:1,&quot;autoplayHoverPause&quot;:1,&quot;items&quot;:1,&quot;loop&quot;:true,&quot;stagePadding&quot;:0},&quot;600&quot;:{&quot;autoHeight&quot;:0,&quot;autoplay&quot;:1,&quot;autoplayHoverPause&quot;:1,&quot;items&quot;:2,&quot;loop&quot;:false,&quot;stagePadding&quot;:0},&quot;900&quot;:{&quot;autoHeight&quot;:0,&quot;autoplay&quot;:1,&quot;autoplayHoverPause&quot;:1,&quot;items&quot;:3,&quot;loop&quot;:false,&quot;stagePadding&quot;:0},&quot;1200&quot;:{&quot;items&quot;:4,&quot;stagePadding&quot;:0}}}'><\/div>\r\n\t<\/div><div class=\"w-separator size_small\"><\/div><\/div><\/div><\/div><\/div><\/div><\/section><section class=\"l-section wpb_row us_custom_f873b1de height_huge color_primary\" id=\"mining\"><div class=\"l-section-h i-cf\"><div class=\"g-cols vc_row via_flex valign_top type_default stacking_default\"><div class=\"vc_col-sm-2 wpb_column vc_column_container\"><div class=\"vc_column-inner\"><div class=\"wpb_wrapper\"><\/div><\/div><\/div><div class=\"vc_col-sm-8 wpb_column vc_column_container\"><div class=\"vc_column-inner\"><div class=\"wpb_wrapper\"><div class=\"wpb_text_column us_custom_ada1a296 us_animate_this\"><div class=\"wpb_wrapper\"><h3>Nous apportons des <em>Solutions gr\u00e2ce \u00e0 notre large gamme de produits et services.<\/em><\/h3>\n<\/div><\/div><div class=\"w-separator size_large with_line width_50 thick_2 style_solid color_secondary align_center\"><div class=\"w-separator-h\"><\/div><\/div><div class=\"wpb_text_column us_custom_f750e52b has_text_color us_animate_this\"><div class=\"wpb_wrapper\"><h6>Nos objectifs<\/h6>\n<\/div><\/div><div class=\"w-separator size_medium\" id=\"qc47\"><style>@media(max-width:600px){ #qc47{height:50px!important}}<\/style><\/div><div class=\"g-cols wpb_row via_flex valign_top type_default stacking_default\"><div class=\"vc_col-sm-4 wpb_column vc_column_container\"><div class=\"vc_column-inner\"><div class=\"wpb_wrapper\"><div class=\"w-iconbox us_custom_f70d789f us_animate_this iconpos_top style_default color_custom align_center no_text\"><div class=\"w-iconbox-icon\" style=\"font-size:40px;color:#0098f4;\"><i class=\"fal fa-user-chart\"><\/i><\/div><div class=\"w-iconbox-meta\"><h3 class=\"w-iconbox-title\" style=\"font-size:1.2rem;\">Optimisation des ressources<\/h3><\/div><\/div><\/div><\/div><\/div><div class=\"vc_col-sm-4 wpb_column vc_column_container\"><div class=\"vc_column-inner\"><div class=\"wpb_wrapper\"><div class=\"w-iconbox us_custom_1fb8b2dc us_animate_this iconpos_top style_default color_custom align_center no_text\"><div class=\"w-iconbox-icon\" style=\"font-size:40px;color:#0098f4;\"><i class=\"fal fa-analytics\"><\/i><\/div><div class=\"w-iconbox-meta\"><h3 class=\"w-iconbox-title\" style=\"font-size:1.2rem;\">\u00c9quilibre des co\u00fbts<\/h3><\/div><\/div><\/div><\/div><\/div><div class=\"vc_col-sm-4 wpb_column vc_column_container\"><div class=\"vc_column-inner\"><div class=\"wpb_wrapper\"><div class=\"w-iconbox us_custom_47d40b1d us_animate_this iconpos_top style_default color_custom align_center no_text\"><div class=\"w-iconbox-icon\" style=\"font-size:40px;color:#0098f4;\"><i class=\"fal fa-chart-line\"><\/i><\/div><div class=\"w-iconbox-meta\"><h3 class=\"w-iconbox-title\" style=\"font-size:1.2rem;\">Augmentation de la productivit\u00e9<\/h3><\/div><\/div><\/div><\/div><\/div><\/div><\/div><\/div><\/div><div class=\"vc_col-sm-2 wpb_column vc_column_container\"><div class=\"vc_column-inner\"><div class=\"wpb_wrapper\"><\/div><\/div><\/div><\/div><\/div><\/section>\n","protected":false},"excerpt":{"rendered":"Adventis USA Corp.","protected":false},"author":1,"featured_media":0,"parent":0,"menu_order":0,"comment_status":"closed","ping_status":"closed","template":"","meta":{"inline_featured_image":false,"footnotes":""},"class_list":["post-9110","page","type-page","status-publish","hentry"],"acf":[],"_links":{"self":[{"href":"https:\/\/adventisolutions.com\/fr\/wp-json\/wp\/v2\/pages\/9110","targetHints":{"allow":["GET"]}}],"collection":[{"href":"https:\/\/adventisolutions.com\/fr\/wp-json\/wp\/v2\/pages"}],"about":[{"href":"https:\/\/adventisolutions.com\/fr\/wp-json\/wp\/v2\/types\/page"}],"author":[{"embeddable":true,"href":"https:\/\/adventisolutions.com\/fr\/wp-json\/wp\/v2\/users\/1"}],"replies":[{"embeddable":true,"href":"https:\/\/adventisolutions.com\/fr\/wp-json\/wp\/v2\/comments?post=9110"}],"version-history":[{"count":5,"href":"https:\/\/adventisolutions.com\/fr\/wp-json\/wp\/v2\/pages\/9110\/revisions"}],"predecessor-version":[{"id":9175,"href":"https:\/\/adventisolutions.com\/fr\/wp-json\/wp\/v2\/pages\/9110\/revisions\/9175"}],"wp:attachment":[{"href":"https:\/\/adventisolutions.com\/fr\/wp-json\/wp\/v2\/media?parent=9110"}],"curies":[{"name":"wp","href":"https:\/\/api.w.org\/{rel}","templated":true}]}}