{"id":9104,"date":"2022-05-26T07:54:40","date_gmt":"2022-05-26T07:54:40","guid":{"rendered":"https:\/\/adventisolutions.com\/vision\/"},"modified":"2022-10-03T11:27:57","modified_gmt":"2022-10-03T11:27:57","slug":"vision","status":"publish","type":"page","link":"https:\/\/adventisolutions.com\/fr\/vision\/","title":{"rendered":"Vision"},"content":{"rendered":"<section class=\"l-section wpb_row us_custom_71fdae4b height_custom color_primary\"><div class=\"l-section-h i-cf\"><div class=\"g-cols vc_row via_flex valign_top type_default stacking_default\"><div class=\"vc_col-sm-12 wpb_column vc_column_container\"><div class=\"vc_column-inner\"><div class=\"wpb_wrapper\"><div class=\"w-separator size_custom\" style=\"height:2vh\"><\/div><div class=\"g-cols wpb_row via_flex valign_top type_boxes stacking_default\"><div class=\"vc_col-sm-2 wpb_column vc_column_container\"><div class=\"vc_column-inner\"><div class=\"wpb_wrapper\"><\/div><\/div><\/div><div class=\"vc_col-sm-8 wpb_column vc_column_container\"><div class=\"vc_column-inner\"><div class=\"wpb_wrapper\"><div class=\"wpb_text_column us_custom_49d757ff has_text_color us_animate_this\"><div class=\"wpb_wrapper\"><h2 class=\"p1\">Chez Adventis, nous d\u00e9veloppons l&rsquo;obtention de principes fondamentaux pour parvenir \u00e0 nos objectifs.<\/h2>\n<\/div><\/div><\/div><\/div><\/div><div class=\"vc_col-sm-2 wpb_column vc_column_container\"><div class=\"vc_column-inner\"><div class=\"wpb_wrapper\"><\/div><\/div><\/div><\/div><\/div><\/div><\/div><\/div><\/div><\/section><section class=\"l-section wpb_row us_custom_675bfecc height_huge with_img\" id=\"mining\"><div class=\"l-section-img\" style=\"background-image: url(https:\/\/adventisolutions.com\/wp-content\/uploads\/2022\/05\/seguridad-salud.jpg);\" data-img-width=\"1920\" data-img-height=\"731\"><\/div><div class=\"l-section-overlay\" style=\"background:rgba(245,245,245,0.60)\"><\/div><div class=\"l-section-h i-cf\"><div class=\"g-cols vc_row via_flex valign_middle type_default stacking_default\"><div class=\"vc_col-sm-6 wpb_column vc_column_container\"><div class=\"vc_column-inner\"><div class=\"wpb_wrapper\"><\/div><\/div><\/div><div class=\"vc_col-sm-6 wpb_column vc_column_container\"><div class=\"vc_column-inner\"><div class=\"wpb_wrapper\"><div class=\"wpb_text_column us_custom_3877d9e2 has_text_color us_animate_this\"><div class=\"wpb_wrapper\"><h6 class=\"p1\"><span class=\"s1\">DANS NOS TRAVAUX<\/span><\/h6>\n<\/div><\/div><div class=\"wpb_text_column us_custom_cfc48999 has_text_color us_animate_this\"><div class=\"wpb_wrapper\"><h3 class=\"p1\">Hygi\u00e8ne et S\u00e9curit\u00e9<\/h3>\n<\/div><\/div><div class=\"w-separator size_small\"><\/div><div class=\"wpb_text_column us_custom_f3c7e0c8 us_animate_this\"><div class=\"wpb_wrapper\"><p><strong>\u00c9<\/strong><strong>thique et respect absolu<\/strong> des environnements locaux qui font la diff\u00e9rence en aidant \u00e0 construire et soutenir des communaut\u00e9s durables.<\/p>\n<p><strong>Int\u00e9grit\u00e9 <\/strong> : ce mot est la garantie, la transparence, le moyen et la voie pour y parvenir. C&rsquo;est notre Code de conduite.<\/p>\n<p>Tous nos employ\u00e9s ont l&rsquo;obligation de respecter le Code de conduite, et personne au sein de notre organisation n&rsquo;a le pouvoir d&rsquo;autoriser des exceptions \u00e0 ce Code de conduite.<\/p>\n<\/div><\/div><\/div><\/div><\/div><\/div><\/div><\/section><section class=\"l-section wpb_row height_large\"><div class=\"l-section-h i-cf\"><div class=\"g-cols vc_row via_flex valign_top type_default stacking_default\"><div class=\"vc_col-sm-12 wpb_column vc_column_container\"><div class=\"vc_column-inner\"><div class=\"wpb_wrapper\"><div class=\"wpb_text_column us_custom_1379cd53 has_text_color us_animate_this\"><div class=\"wpb_wrapper\"><h6 class=\"p1\"><span class=\"s1\">CULTURE D&rsquo;ENTREPRISE<\/span><\/h6>\n<\/div><\/div><div class=\"w-separator size_large\"><\/div><div class=\"w-tabs us_custom_d038f95f us_animate_this layout_ver navwidth_50 navpos_right style_simple switch_hover has_scrolling\" style=\"--sections-title-size:1.7rem\"><div class=\"w-tabs-list items_5 align_none\" style=\"font-weight:100;\"><div class=\"w-tabs-list-h\"><a class=\"w-tabs-item active\" aria-controls=\"content-g0fe\" href=\"javascript:void(0);\"><span class=\"w-tabs-item-title\">Responsabilit\u00e9 sociale d&rsquo;entreprise<\/span><\/a><a class=\"w-tabs-item\" aria-controls=\"content-o95f\" href=\"javascript:void(0);\"><span class=\"w-tabs-item-title\">L&rsquo;\u00e9quipe humaine<\/span><\/a><a class=\"w-tabs-item\" aria-controls=\"content-a161\" href=\"javascript:void(0);\"><span class=\"w-tabs-item-title\">Valeur<\/span><\/a><a class=\"w-tabs-item\" aria-controls=\"content-l970\" href=\"javascript:void(0);\"><span class=\"w-tabs-item-title\">Strat\u00e9gie<\/span><\/a><a class=\"w-tabs-item\" aria-controls=\"content-s159\" href=\"javascript:void(0);\"><span class=\"w-tabs-item-title\">Culture gagnante<\/span><\/a><\/div><\/div><div class=\"w-tabs-sections titles-align_none icon_chevron cpos_right\"><div class=\"w-tabs-section active\" id=\"g0fe\"><button aria-controls=\"content-g0fe\" class=\"w-tabs-section-header active\"><h3 class=\"w-tabs-section-title\">Responsabilit\u00e9 sociale d&rsquo;entreprise<\/h3><div class=\"w-tabs-section-control\"><\/div><\/button><div  class=\"w-tabs-section-content us_custom_a9363f42\" id=\"content-g0fe\" aria-expanded=\"true\"><div class=\"w-tabs-section-content-h i-cf\"><div class=\"g-cols wpb_row via_flex valign_top type_default stacking_default\"><div class=\"vc_col-sm-10 wpb_column vc_column_container\"><div class=\"vc_column-inner\"><div class=\"wpb_wrapper\"><div class=\"wpb_text_column us_custom_445e01cf has_text_color\"><div class=\"wpb_wrapper\"><h2>Nous soutenons et g\u00e9rons des projets d&rsquo;aide et r\u00e9insertion sociale dans les secteurs les plus d\u00e9favoris\u00e9s o\u00f9 interviennent nos chantiers.<\/h2>\n<\/div><\/div><div class=\"w-separator size_small\"><\/div><div class=\"wpb_text_column us_custom_d01587f7 has_text_color\"><div class=\"wpb_wrapper\"><p>Nous soutenons et g\u00e9rons des projets d&rsquo;aide et r\u00e9insertion sociale dans les secteurs les plus d\u00e9favoris\u00e9s o\u00f9 interviennent nos chantiers. \u00c0 titre d&rsquo;exemple, nos projets d&rsquo;aide lors des catastrophes naturelles au Mexique ou l&rsquo;aide \u00e0 la population du Sahara occidental en mati\u00e8re d&rsquo;\u00e9ducation.<\/p>\n<\/div><\/div><\/div><\/div><\/div><div class=\"vc_col-sm-2 wpb_column vc_column_container\"><div class=\"vc_column-inner\"><div class=\"wpb_wrapper\"><\/div><\/div><\/div><\/div><\/div><\/div><\/div><div class=\"w-tabs-section\" id=\"o95f\"><button aria-controls=\"content-o95f\" class=\"w-tabs-section-header\"><h3 class=\"w-tabs-section-title\">L&rsquo;\u00e9quipe humaine<\/h3><div class=\"w-tabs-section-control\"><\/div><\/button><div  class=\"w-tabs-section-content\" id=\"content-o95f\" aria-expanded=\"false\"><div class=\"w-tabs-section-content-h i-cf\"><div class=\"g-cols wpb_row via_flex valign_top type_default stacking_default\"><div class=\"vc_col-sm-10 wpb_column vc_column_container\"><div class=\"vc_column-inner\"><div class=\"wpb_wrapper\"><div class=\"wpb_text_column us_custom_580f31f2 has_text_color\"><div class=\"wpb_wrapper\"><h2 class=\"p1\">La somme des individualit\u00e9s dynamise le talent collectif<\/h2>\n<\/div><\/div><div class=\"w-separator size_small\"><\/div><div class=\"wpb_text_column us_custom_d01587f7 has_text_color\"><div class=\"wpb_wrapper\"><p class=\"p1\">Nous soutenons le d\u00e9veloppement personnel et professionnel de nos employ\u00e9s dans un environnement adapt\u00e9, o\u00f9 les personnes se sentent inspir\u00e9es et peuvent fournir au quotidien le meilleur d&rsquo;elles-m\u00eames.<\/p>\n<\/div><\/div><\/div><\/div><\/div><div class=\"vc_col-sm-2 wpb_column vc_column_container\"><div class=\"vc_column-inner\"><div class=\"wpb_wrapper\"><\/div><\/div><\/div><\/div><\/div><\/div><\/div><div class=\"w-tabs-section\" id=\"a161\"><button aria-controls=\"content-a161\" class=\"w-tabs-section-header\"><h3 class=\"w-tabs-section-title\">Valeur<\/h3><div class=\"w-tabs-section-control\"><\/div><\/button><div  class=\"w-tabs-section-content\" id=\"content-a161\" aria-expanded=\"false\"><div class=\"w-tabs-section-content-h i-cf\"><div class=\"g-cols wpb_row via_flex valign_top type_default stacking_default\"><div class=\"vc_col-sm-10 wpb_column vc_column_container\"><div class=\"vc_column-inner\"><div class=\"wpb_wrapper\"><div class=\"wpb_text_column us_custom_580f31f2 has_text_color\"><div class=\"wpb_wrapper\"><h2 class=\"p1\">L&rsquo;attention pour le service fait notre diff\u00e9rence gr\u00e2ce \u00e0 un travail commun et durable qui est notre garantie de continuit\u00e9.<\/h2>\n<\/div><\/div><div class=\"w-separator size_small\"><\/div><div class=\"wpb_text_column us_custom_d01587f7 has_text_color\"><div class=\"wpb_wrapper\"><p>La valeur ajout\u00e9e fait partie de notre standard, elle nous permet d&rsquo;\u00eatre le meilleur choix pour notre client\u00e8le.<\/p>\n<\/div><\/div><\/div><\/div><\/div><div class=\"vc_col-sm-2 wpb_column vc_column_container\"><div class=\"vc_column-inner\"><div class=\"wpb_wrapper\"><\/div><\/div><\/div><\/div><\/div><\/div><\/div><div class=\"w-tabs-section\" id=\"l970\"><button aria-controls=\"content-l970\" class=\"w-tabs-section-header\"><h3 class=\"w-tabs-section-title\">Strat\u00e9gie<\/h3><div class=\"w-tabs-section-control\"><\/div><\/button><div  class=\"w-tabs-section-content\" id=\"content-l970\" aria-expanded=\"false\"><div class=\"w-tabs-section-content-h i-cf\"><div class=\"g-cols wpb_row via_flex valign_top type_default stacking_default\"><div class=\"vc_col-sm-10 wpb_column vc_column_container\"><div class=\"vc_column-inner\"><div class=\"wpb_wrapper\"><div class=\"wpb_text_column us_custom_580f31f2 has_text_color\"><div class=\"wpb_wrapper\"><h2 class=\"p1\">Nous souhaitons devenir une r\u00e9f\u00e9rence en mati\u00e8re de qualit\u00e9 des relations avec notre client\u00e8le<\/h2>\n<\/div><\/div><div class=\"w-separator size_small\"><\/div><div class=\"wpb_text_column us_custom_d01587f7 has_text_color\"><div class=\"wpb_wrapper\"><p class=\"p1\">Nous fondons notre strat\u00e9gie sur le partenariat, la fid\u00e9lit\u00e9, l&rsquo;engagement, la s\u00e9curit\u00e9, la qualit\u00e9, l&rsquo;efficience et l&rsquo;innovation.<\/p>\n<p>Nous proposons \u00e0 notre client\u00e8le des solutions int\u00e9grales et efficientes au niveau mondial en d\u00e9veloppant le r\u00e9seau international de centres dans les pays o\u00f9 notre implantation locale sera au service de notre client\u00e8le.<\/p>\n<\/div><\/div><\/div><\/div><\/div><div class=\"vc_col-sm-2 wpb_column vc_column_container\"><div class=\"vc_column-inner\"><div class=\"wpb_wrapper\"><\/div><\/div><\/div><\/div><\/div><\/div><\/div><div class=\"w-tabs-section\" id=\"s159\"><button aria-controls=\"content-s159\" class=\"w-tabs-section-header\"><h3 class=\"w-tabs-section-title\">Culture gagnante<\/h3><div class=\"w-tabs-section-control\"><\/div><\/button><div  class=\"w-tabs-section-content\" id=\"content-s159\" aria-expanded=\"false\"><div class=\"w-tabs-section-content-h i-cf\"><div class=\"g-cols wpb_row via_flex valign_top type_default stacking_default\"><div class=\"vc_col-sm-10 wpb_column vc_column_container\"><div class=\"vc_column-inner\"><div class=\"wpb_wrapper\"><div class=\"wpb_text_column us_custom_580f31f2 has_text_color\"><div class=\"wpb_wrapper\"><h2 class=\"p1\">Culture gagnante<\/h2>\n<\/div><\/div><div class=\"w-separator size_small\"><\/div><div class=\"wpb_text_column us_custom_d01587f7 has_text_color\"><div class=\"wpb_wrapper\"><p>N\u00e9cessaire pour faire de nos valeurs une r\u00e9alit\u00e9.<\/p>\n<\/div><\/div><\/div><\/div><\/div><div class=\"vc_col-sm-2 wpb_column vc_column_container\"><div class=\"vc_column-inner\"><div class=\"wpb_wrapper\"><\/div><\/div><\/div><\/div><\/div><\/div><\/div><\/div><\/div><div class=\"w-separator size_medium\"><\/div><\/div><\/div><\/div><\/div><\/div><\/section>\n","protected":false},"excerpt":{"rendered":"Chez Adventis, nous d\u00e9veloppons l&rsquo;obtention de principes fondamentaux pour parvenir \u00e0 nos objectifs. DANS NOS TRAVAUX Hygi\u00e8ne et S\u00e9curit\u00e9 \u00c9thique et respect absolu des environnements locaux qui font la diff\u00e9rence en aidant \u00e0 construire et soutenir des communaut\u00e9s durables. Int\u00e9grit\u00e9 : ce mot est la garantie, la transparence, le moyen et la voie pour y...","protected":false},"author":1,"featured_media":0,"parent":0,"menu_order":0,"comment_status":"closed","ping_status":"closed","template":"","meta":{"inline_featured_image":false,"footnotes":""},"class_list":["post-9104","page","type-page","status-publish","hentry"],"acf":[],"_links":{"self":[{"href":"https:\/\/adventisolutions.com\/fr\/wp-json\/wp\/v2\/pages\/9104","targetHints":{"allow":["GET"]}}],"collection":[{"href":"https:\/\/adventisolutions.com\/fr\/wp-json\/wp\/v2\/pages"}],"about":[{"href":"https:\/\/adventisolutions.com\/fr\/wp-json\/wp\/v2\/types\/page"}],"author":[{"embeddable":true,"href":"https:\/\/adventisolutions.com\/fr\/wp-json\/wp\/v2\/users\/1"}],"replies":[{"embeddable":true,"href":"https:\/\/adventisolutions.com\/fr\/wp-json\/wp\/v2\/comments?post=9104"}],"version-history":[{"count":5,"href":"https:\/\/adventisolutions.com\/fr\/wp-json\/wp\/v2\/pages\/9104\/revisions"}],"predecessor-version":[{"id":9169,"href":"https:\/\/adventisolutions.com\/fr\/wp-json\/wp\/v2\/pages\/9104\/revisions\/9169"}],"wp:attachment":[{"href":"https:\/\/adventisolutions.com\/fr\/wp-json\/wp\/v2\/media?parent=9104"}],"curies":[{"name":"wp","href":"https:\/\/api.w.org\/{rel}","templated":true}]}}