{"id":9140,"date":"2022-04-29T11:40:27","date_gmt":"2022-04-29T11:40:27","guid":{"rendered":"https:\/\/adventisolutions.com\/height-safety\/"},"modified":"2022-10-04T14:28:56","modified_gmt":"2022-10-04T14:28:56","slug":"height-safety","status":"publish","type":"page","link":"https:\/\/adventisolutions.com\/en\/height-safety\/","title":{"rendered":"S\u00e9curisation des travaux en hauteur"},"content":{"rendered":"<section class=\"l-section wpb_row us_custom_7d57e651 height_custom color_primary\"><div class=\"l-section-h i-cf\"><div class=\"g-cols vc_row via_flex valign_top type_default stacking_default\"><div class=\"vc_col-sm-12 wpb_column vc_column_container\"><div class=\"vc_column-inner\"><div class=\"wpb_wrapper\"><div class=\"w-separator size_custom\" style=\"height:5vh\" id=\"nfab\"><style>@media(max-width:1024px){ #nfab{height:0px!important}}@media(max-width:600px){ #nfab{height:0px!important}}<\/style><\/div><div class=\"g-cols wpb_row via_flex valign_top type_boxes stacking_default\"><div class=\"vc_col-sm-6 wpb_column vc_column_container  hide_on_tablets hide_on_mobiles\"><div class=\"vc_column-inner\"><div class=\"wpb_wrapper\"><\/div><\/div><\/div><div class=\"vc_col-sm-6 wpb_column vc_column_container\"><div class=\"vc_column-inner\"><div class=\"wpb_wrapper\"><div class=\"wpb_text_column us_custom_3877d9e2 has_text_color us_animate_this\"><div class=\"wpb_wrapper\"><h2 class=\"p1\">S\u00e9curisation des travaux en hauteur<\/h2>\n<\/div><\/div><div class=\"w-separator size_small\"><\/div><div class=\"wpb_text_column us_custom_c80d50f7 has_text_color\"><div class=\"wpb_wrapper\"><p>Les chutes en hauteur sont, malheureusement, la cause la plus fr\u00e9quente d&#8217;accidents du travail graves, entra\u00eenant chaque ann\u00e9e plus de 50 d\u00e9c\u00e8s en Espagne.<\/p>\n<\/div><\/div><div class=\"w-separator size_small\"><\/div><div class=\"w-btn-wrapper align_none\"><a class=\"w-btn us-btn-style_1 us_custom_dad3b0d4\" href=\"#plus\"><span class=\"w-btn-label\">EN SAVOIR PLUS<\/span><\/a><\/div><\/div><\/div><\/div><\/div><div class=\"w-separator size_custom\" style=\"height:5vh\"><\/div><\/div><\/div><\/div><\/div><\/div><\/section><section class=\"l-section wpb_row height_auto\" id=\"plus\"><div class=\"l-section-h i-cf\"><div class=\"g-cols vc_row via_flex valign_top type_boxes stacking_default\"><div class=\"vc_col-sm-6 wpb_column vc_column_container\"><div class=\"vc_column-inner\"><div class=\"wpb_wrapper\"><div class=\"wpb_text_column us_custom_146837d5 has_text_color us_animate_this\"><div class=\"wpb_wrapper\"><h2 class=\"p1\">Une apportons une solution globale d\u00e8s l&#8217;\u00e9tape de consultation, puis lors de la conception, l&#8217;installation, la r\u00e9vision et la maintenance, toujours dans le cadre de la r\u00e9glementation en vigueur.<\/h2>\n<\/div><\/div><div class=\"w-separator size_small\"><\/div><div class=\"wpb_text_column us_custom_e7816e66 has_text_color us_animate_this\"><div class=\"wpb_wrapper\"><p>Notre d\u00e9partement de S\u00e9curit\u00e9 en hauteur est sp\u00e9cialis\u00e9 dans la conception, la fourniture, l&#8217;installation et la certification de tout type de solution, qu&#8217;il s&#8217;agisse de toitures, int\u00e9rieurs d&#8217;usines, espaces confin\u00e9s, travaux verticaux ou tout autre type de travail en hauteur.<\/p>\n<p class=\"p1\">Les syst\u00e8mes antichutes peuvent \u00eatre install\u00e9s en phase de construction ou de conception sur de nouveaux b\u00e2timents comme apr\u00e8s leur finalisation.<\/p>\n<ul>\n<li>Points d&#8217;ancrage<\/li>\n<li>Lignes de vie horizontales par c\u00e2bles ou rails<\/li>\n<li>Lignes de vie verticales<\/li>\n<li>Syst\u00e8mes antichutes temporaires (lignes de vie, points d&#8217;ancrage, tr\u00e9pieds\u2026)<\/li>\n<\/ul>\n<\/div><\/div><div class=\"w-separator size_small\"><\/div><\/div><\/div><\/div><div class=\"vc_col-sm-6 wpb_column vc_column_container \"><div class=\"vc_column-inner us_custom_ca7b1e51 us_animate_this\"><div class=\"wpb_wrapper\"><div class=\"w-image us_custom_cccd5785 us_animate_this  hide_on_tablets hide_on_mobiles align_none\"><div class=\"w-image-h\"><img loading=\"lazy\" decoding=\"async\" width=\"1024\" height=\"1024\" src=\"https:\/\/adventisolutions.com\/wp-content\/uploads\/2022\/04\/resplandor_circulo.svg\" class=\"attachment-large size-large\" alt=\"\" \/><\/div><\/div><div class=\"w-image us_custom_cc93526f align_none\"><a href=\"https:\/\/adventisolutions.com\/wp-content\/uploads\/2022\/06\/principal.jpg\" ref=\"magnificPopup\" aria-label=\"Link\" class=\"w-image-h\"><img loading=\"lazy\" decoding=\"async\" width=\"800\" height=\"542\" src=\"https:\/\/adventisolutions.com\/wp-content\/uploads\/2022\/06\/principal.jpg\" class=\"attachment-full size-full\" alt=\"\" srcset=\"https:\/\/adventisolutions.com\/wp-content\/uploads\/2022\/06\/principal.jpg 800w, https:\/\/adventisolutions.com\/wp-content\/uploads\/2022\/06\/principal-300x203.jpg 300w\" sizes=\"auto, (max-width: 800px) 100vw, 800px\" \/><\/a><\/div><div class=\"wpb_text_column us_custom_3f53ae06 has_text_color\"><div class=\"wpb_wrapper\"><p class=\"p1\">Ligne de vie, ancrage, harnais ou encore absorbeur d&#8217;\u00e9nergie, cela vous dit quelque chose ? Alors, continuez \u00e0 lire pour d\u00e9couvrir comment nous pouvons aider votre entreprise.<\/p>\n<\/div><\/div><div class=\"w-separator size_small\"><\/div><div class=\"wpb_text_column us_custom_007965ef has_text_color\"><div class=\"wpb_wrapper\"><h3 class=\"p1\">Services<\/h3>\n<\/div><\/div><div class=\"w-separator size_small\"><\/div><div class=\"w-tabs style_default switch_click accordion remove_indents\" style=\"--sections-title-size:1.5rem\"><div class=\"w-tabs-sections titles-align_none icon_chevron cpos_right\"><div class=\"w-tabs-section active has_text_color\" id=\"l634\" style=\"color:#1f3685;\"><button aria-controls=\"content-l634\" class=\"w-tabs-section-header active\"><h3 class=\"w-tabs-section-title\">Installation et certification<\/h3><div class=\"w-tabs-section-control\"><\/div><\/button><div  class=\"w-tabs-section-content us_custom_33fe73d0\" id=\"content-l634\" aria-expanded=\"true\"><div class=\"w-tabs-section-content-h i-cf\"><div class=\"wpb_text_column us_custom_c0833edc has_text_color\"><div class=\"wpb_wrapper\"><h6 class=\"p1\"><span class=\"s1\">SYST\u00c8MES ANTICHUTES<br \/>\n<\/span><\/h6>\n<\/div><\/div><div class=\"w-separator size_small\"><\/div><div class=\"wpb_text_column us_custom_52250da6 has_text_color with_collapsible_content\" data-content-height=\"100px\"><div class=\"wpb_wrapper\"><p>Les syst\u00e8mes antichutes sont des \u00e9quipement de protection individuelle qui prot\u00e8gent un travailleur d&#8217;une \u00e9ventuelle chute. Ils sont compos\u00e9s de Harnais, un Sous-syst\u00e8me de liaison (absorbeurs, blocs r\u00e9tractiles et chariots antichutes) et d&#8217;un Dispositif d&#8217;ancrage.<\/p>\n<p>Ces dispositifs d&#8217;ancrage sont r\u00e9partis en diff\u00e9rents types en fonction de la norme EN795 :<\/p>\n<ul>\n<li>Type A : Points d&#8217;ancrage fixes (pitons)<\/li>\n<li>Type B : Points d&#8217;ancrage temporaires (\u00e9lingues, tr\u00e9pieds&#8230;)<\/li>\n<li>Type C : Lignes de vie horizontales souples (\u00e0 corde ou c\u00e2ble)<\/li>\n<li>Type D : Lignes de vie horizontales rigides (\u00e0 rail)<\/li>\n<li>Type E : Points d&#8217;ancrage de poids mort<\/li>\n<\/ul>\n<\/div><div class=\"toggle-links align_none\"><a href=\"javascript:void(0)\" class=\"collapsible-content-more\">Ver m\u00e1s<\/a><a href=\"javascript:void(0)\" class=\"collapsible-content-less\">Ver menos<\/a><\/div><\/div><div class=\"w-separator size_medium\"><\/div><div class=\"w-image align_none\"><a href=\"https:\/\/adventisolutions.com\/wp-content\/uploads\/2022\/06\/monasterio-san-juan.jpg\" ref=\"magnificPopup\" aria-label=\"Link\" class=\"w-image-h\"><img loading=\"lazy\" decoding=\"async\" width=\"1500\" height=\"844\" src=\"https:\/\/adventisolutions.com\/wp-content\/uploads\/2022\/06\/monasterio-san-juan.jpg\" class=\"attachment-full size-full\" alt=\"\" srcset=\"https:\/\/adventisolutions.com\/wp-content\/uploads\/2022\/06\/monasterio-san-juan.jpg 1500w, https:\/\/adventisolutions.com\/wp-content\/uploads\/2022\/06\/monasterio-san-juan-300x169.jpg 300w, https:\/\/adventisolutions.com\/wp-content\/uploads\/2022\/06\/monasterio-san-juan-1024x576.jpg 1024w\" sizes=\"auto, (max-width: 1500px) 100vw, 1500px\" \/><\/a><\/div><\/div><\/div><\/div><div class=\"w-tabs-section has_text_color\" id=\"qd27\" style=\"color:#1f3685;\"><button aria-controls=\"content-qd27\" class=\"w-tabs-section-header\"><h3 class=\"w-tabs-section-title\">Protection collective<\/h3><div class=\"w-tabs-section-control\"><\/div><\/button><div  class=\"w-tabs-section-content us_custom_33fe73d0\" id=\"content-qd27\" aria-expanded=\"false\"><div class=\"w-tabs-section-content-h i-cf\"><div class=\"wpb_text_column us_custom_c0833edc has_text_color\"><div class=\"wpb_wrapper\"><h6 class=\"p1\"><span class=\"s1\">Balustrades<\/span><\/h6>\n<\/div><\/div><div class=\"w-separator size_small\"><\/div><div class=\"wpb_text_column us_custom_52250da6 has_text_color with_collapsible_content\" data-content-height=\"100px\"><div class=\"wpb_wrapper\"><p>Les balustrades de s\u00e9curit\u00e9 offrent une protection collective pour un nombre illimit\u00e9 de personnes et une pr\u00e9vention totale contre les chutes. L&#8217;utilisateur n&#8217;a pas besoin de comp\u00e9tences sp\u00e9cifiques.<\/p>\n<p>Elles peuvent \u00eatre fixes ou autoportantes avec des contrepoids pour ne pas avoir \u00e0 percer.<\/p>\n<p>Autres types de protections collectives :<\/p>\n<ul>\n<li>Filets antichutes<\/li>\n<li>Protection verri\u00e8res<\/li>\n<li>Escaliers avec rambardes<\/li>\n<li>Passerelles<\/li>\n<\/ul>\n<\/div><div class=\"toggle-links align_none\"><a href=\"javascript:void(0)\" class=\"collapsible-content-more\">Ver m\u00e1s<\/a><a href=\"javascript:void(0)\" class=\"collapsible-content-less\">Ver menos<\/a><\/div><\/div><div class=\"w-separator size_medium\"><\/div><div class=\"w-image align_none\"><div class=\"w-image-h\"><img loading=\"lazy\" decoding=\"async\" width=\"800\" height=\"714\" src=\"https:\/\/adventisolutions.com\/wp-content\/uploads\/2022\/05\/barandillas.jpg\" class=\"attachment-full size-full\" alt=\"\" srcset=\"https:\/\/adventisolutions.com\/wp-content\/uploads\/2022\/05\/barandillas.jpg 800w, https:\/\/adventisolutions.com\/wp-content\/uploads\/2022\/05\/barandillas-300x268.jpg 300w\" sizes=\"auto, (max-width: 800px) 100vw, 800px\" \/><\/div><\/div><\/div><\/div><\/div><div class=\"w-tabs-section has_text_color\" id=\"z42d\" style=\"color:#1f3685;\"><button aria-controls=\"content-z42d\" class=\"w-tabs-section-header\"><h3 class=\"w-tabs-section-title\">Espaces confin\u00e9s<\/h3><div class=\"w-tabs-section-control\"><\/div><\/button><div  class=\"w-tabs-section-content us_custom_33fe73d0\" id=\"content-z42d\" aria-expanded=\"false\"><div class=\"w-tabs-section-content-h i-cf\"><div class=\"wpb_text_column us_custom_c0833edc has_text_color\"><div class=\"wpb_wrapper\"><h6 class=\"p1\"><span class=\"s1\">\u00c9QUIPEMENTS D&#8217;ACC\u00c8S ET DE SECOURS DANS DES ESPACES CONFIN\u00c9S<\/span><\/h6>\n<\/div><\/div><div class=\"w-separator size_small\"><\/div><div class=\"wpb_text_column us_custom_52250da6 has_text_color with_collapsible_content\" data-content-height=\"100px\"><div class=\"wpb_wrapper\"><p>Une enceinte confin\u00e9e est un espace comportant des ouvertures limit\u00e9es d&#8217;entr\u00e9e et sortie et une ventilation naturelle d\u00e9favorable, o\u00f9 des polluants toxiques ou inflammables peuvent s&#8217;accumuler, ou pr\u00e9senter une atmosph\u00e8re d\u00e9ficiente en oxyg\u00e8ne, et qui n&#8217;est pas con\u00e7ue pour une occupation continue par les travailleurs.<\/p>\n<p>Dans ces espaces les risques sont multiples et les cons\u00e9quences peuvent \u00eatre tr\u00e8s graves. Ils entra\u00eenent chaque ann\u00e9e des d\u00e9c\u00e8s ce qui oblige \u00e0 prendre des pr\u00e9cautions tr\u00e8s contraignantes.<\/p>\n<p>Quelques exemples d&#8217;espaces confin\u00e9s : fosses, bacs, puits, r\u00e9servoirs, citernes, \u00e9gouts et cuves de transport, entre de nombreux autres.<\/p>\n<p>Pour toutes ces raisons, l&#8217;\u00e9quipe d&#8217;experts d&#8217;Adventis offre ses services de consultation et installation de diff\u00e9rents syst\u00e8mes conformes \u00e0 la r\u00e9glementation en vigueur.<\/p>\n<\/div><div class=\"toggle-links align_none\"><a href=\"javascript:void(0)\" class=\"collapsible-content-more\">Ver m\u00e1s<\/a><a href=\"javascript:void(0)\" class=\"collapsible-content-less\">Ver menos<\/a><\/div><\/div><div class=\"w-separator size_medium\"><\/div><div class=\"w-image align_none\"><div class=\"w-image-h\"><img loading=\"lazy\" decoding=\"async\" width=\"600\" height=\"300\" src=\"https:\/\/adventisolutions.com\/wp-content\/uploads\/2022\/05\/espacios-confinados.jpg\" class=\"attachment-full size-full\" alt=\"\" srcset=\"https:\/\/adventisolutions.com\/wp-content\/uploads\/2022\/05\/espacios-confinados.jpg 600w, https:\/\/adventisolutions.com\/wp-content\/uploads\/2022\/05\/espacios-confinados-300x150.jpg 300w\" sizes=\"auto, (max-width: 600px) 100vw, 600px\" \/><\/div><\/div><\/div><\/div><\/div><div class=\"w-tabs-section has_text_color\" id=\"vfb3\" style=\"color:#1f3685;\"><button aria-controls=\"content-vfb3\" class=\"w-tabs-section-header\"><h3 class=\"w-tabs-section-title\">Fourniture d&#8217;EPI<\/h3><div class=\"w-tabs-section-control\"><\/div><\/button><div  class=\"w-tabs-section-content us_custom_33fe73d0\" id=\"content-vfb3\" aria-expanded=\"false\"><div class=\"w-tabs-section-content-h i-cf\"><div class=\"wpb_text_column us_custom_c0833edc has_text_color\"><div class=\"wpb_wrapper\"><h6 class=\"p1\"><span class=\"s1\">SUR LES \u00c9QUIPEMENTS DE PROTECTION INDIVIDUELLE (EPI)<\/span><\/h6>\n<\/div><\/div><div class=\"w-separator size_small\"><\/div><div class=\"wpb_text_column us_custom_52250da6 has_text_color with_collapsible_content\" data-content-height=\"100px\"><div class=\"wpb_wrapper\"><p>Nous travaillons aupr\u00e8s de nombreux fabricants pour nous adapter aux besoin de chaque client. Tous nos produits sont d\u00e9velopp\u00e9s conform\u00e9ment aux r\u00e9glementations les plus exigeantes, afin de garantir s\u00e9curit\u00e9, qualit\u00e9 et simplicit\u00e9 d&#8217;usage.<\/p>\n<\/div><div class=\"toggle-links align_none\"><a href=\"javascript:void(0)\" class=\"collapsible-content-more\">Ver m\u00e1s<\/a><a href=\"javascript:void(0)\" class=\"collapsible-content-less\">Ver menos<\/a><\/div><\/div><div class=\"w-separator size_small\"><\/div><div class=\"w-grid type_grid layout_gallery_default cols_3\" id=\"us_grid_1\" data-filterable=\"true\"><style>#us_grid_1 .w-grid-item{padding:1.5rem}#us_grid_1 .w-grid-list{margin:-1.5rem}.w-grid + #us_grid_1 .w-grid-list,.w-grid-none + #us_grid_1 .w-grid-list{margin-top:1.5rem}@media (max-width:899px){#us_grid_1 .w-grid-item{width:50%}}@media (max-width:599px){#us_grid_1 .w-grid-item{width:50%}}.layout_gallery_default .w-grid-item-h{}<\/style><div class=\"w-grid-list\">\t<article class=\"w-grid-item post-9089 attachment type-attachment status-inherit hentry\" data-id=\"9089\">\r\n\t\t<div class=\"w-grid-item-h\">\r\n\t\t\t\t\t\t<div class=\"w-post-elm post_image usg_post_image_1 stretched\"><img loading=\"lazy\" decoding=\"async\" width=\"300\" height=\"158\" src=\"https:\/\/adventisolutions.com\/wp-content\/uploads\/2022\/06\/petzl-c.png\" class=\"attachment-us_600_600_crop size-us_600_600_crop\" alt=\"\" \/><\/div>\t\t<\/div>\r\n\t<\/article>\r\n\t<article class=\"w-grid-item post-9087 attachment type-attachment status-inherit hentry\" data-id=\"9087\">\r\n\t\t<div class=\"w-grid-item-h\">\r\n\t\t\t\t\t\t<div class=\"w-post-elm post_image usg_post_image_1 stretched\"><img loading=\"lazy\" decoding=\"async\" width=\"300\" height=\"158\" src=\"https:\/\/adventisolutions.com\/wp-content\/uploads\/2022\/06\/3m-c.png\" class=\"attachment-us_600_600_crop size-us_600_600_crop\" alt=\"\" \/><\/div>\t\t<\/div>\r\n\t<\/article>\r\n\t<article class=\"w-grid-item post-9083 attachment type-attachment status-inherit hentry\" data-id=\"9083\">\r\n\t\t<div class=\"w-grid-item-h\">\r\n\t\t\t\t\t\t<div class=\"w-post-elm post_image usg_post_image_1 stretched\"><img loading=\"lazy\" decoding=\"async\" width=\"300\" height=\"158\" src=\"https:\/\/adventisolutions.com\/wp-content\/uploads\/2022\/06\/xsplatforms-c.png\" class=\"attachment-us_600_600_crop size-us_600_600_crop\" alt=\"\" \/><\/div>\t\t<\/div>\r\n\t<\/article>\r\n\t<article class=\"w-grid-item post-9085 attachment type-attachment status-inherit hentry\" data-id=\"9085\">\r\n\t\t<div class=\"w-grid-item-h\">\r\n\t\t\t\t\t\t<div class=\"w-post-elm post_image usg_post_image_1 stretched\"><img loading=\"lazy\" decoding=\"async\" width=\"300\" height=\"158\" src=\"https:\/\/adventisolutions.com\/wp-content\/uploads\/2022\/06\/skylotec-c.png\" class=\"attachment-us_600_600_crop size-us_600_600_crop\" alt=\"\" \/><\/div>\t\t<\/div>\r\n\t<\/article>\r\n\t<article class=\"w-grid-item post-9081 attachment type-attachment status-inherit hentry\" data-id=\"9081\">\r\n\t\t<div class=\"w-grid-item-h\">\r\n\t\t\t\t\t\t<div class=\"w-post-elm post_image usg_post_image_1 stretched\"><img loading=\"lazy\" decoding=\"async\" width=\"300\" height=\"158\" src=\"https:\/\/adventisolutions.com\/wp-content\/uploads\/2022\/06\/irudek-c.png\" class=\"attachment-us_600_600_crop size-us_600_600_crop\" alt=\"\" \/><\/div>\t\t<\/div>\r\n\t<\/article>\r\n\t<article class=\"w-grid-item post-9079 attachment type-attachment status-inherit hentry\" data-id=\"9079\">\r\n\t\t<div class=\"w-grid-item-h\">\r\n\t\t\t\t\t\t<div class=\"w-post-elm post_image usg_post_image_1 stretched\"><img loading=\"lazy\" decoding=\"async\" width=\"300\" height=\"158\" src=\"https:\/\/adventisolutions.com\/wp-content\/uploads\/2022\/06\/igena-c.png\" class=\"attachment-us_600_600_crop size-us_600_600_crop\" alt=\"\" \/><\/div>\t\t<\/div>\r\n\t<\/article>\r\n<\/div><div class=\"w-grid-preloader\"><div class=\"g-preloader type_1\">\r\n\t<div><\/div>\r\n<\/div>\r\n<\/div>\t<div class=\"w-grid-json hidden\" onclick='return {&quot;action&quot;:&quot;us_ajax_grid&quot;,&quot;ajax_url&quot;:&quot;https:\\\/\\\/adventisolutions.com\\\/wp-admin\\\/admin-ajax.php&quot;,&quot;infinite_scroll&quot;:0,&quot;max_num_pages&quot;:1,&quot;pagination&quot;:&quot;none&quot;,&quot;permalink_url&quot;:&quot;https:\\\/\\\/adventisolutions.com\\\/en\\\/wp-json\\\/wp\\\/v2\\\/pages\\\/9140\\\/&quot;,&quot;template_vars&quot;:{&quot;columns&quot;:&quot;3&quot;,&quot;exclude_items&quot;:&quot;none&quot;,&quot;img_size&quot;:&quot;default&quot;,&quot;ignore_items_size&quot;:false,&quot;items_layout&quot;:&quot;gallery_default&quot;,&quot;items_offset&quot;:&quot;1&quot;,&quot;load_animation&quot;:&quot;none&quot;,&quot;overriding_link&quot;:&quot;none&quot;,&quot;post_id&quot;:9140,&quot;query_args&quot;:{&quot;post_type&quot;:[&quot;attachment&quot;],&quot;post__in&quot;:[&quot;8791&quot;,&quot;8792&quot;,&quot;8793&quot;,&quot;8794&quot;,&quot;8795&quot;,&quot;8796&quot;],&quot;post_status&quot;:&quot;inherit&quot;,&quot;post_mime_type&quot;:&quot;image&quot;,&quot;posts_per_page&quot;:&quot;10&quot;},&quot;orderby_query_args&quot;:{&quot;orderby&quot;:{&quot;date&quot;:&quot;DESC&quot;}},&quot;type&quot;:&quot;grid&quot;,&quot;us_grid_ajax_index&quot;:1,&quot;us_grid_filter_params&quot;:null,&quot;us_grid_index&quot;:1,&quot;_us_grid_post_type&quot;:&quot;attachment&quot;,&quot;lang&quot;:&quot;en&quot;}}'><\/div>\r\n\t<\/div><div class=\"w-separator size_medium\"><\/div><\/div><\/div><\/div><div class=\"w-tabs-section has_text_color\" id=\"v7f1\" style=\"color:#1f3685;\"><button aria-controls=\"content-v7f1\" class=\"w-tabs-section-header\"><h3 class=\"w-tabs-section-title\">Conseil technique<\/h3><div class=\"w-tabs-section-control\"><\/div><\/button><div  class=\"w-tabs-section-content us_custom_33fe73d0\" id=\"content-v7f1\" aria-expanded=\"false\"><div class=\"w-tabs-section-content-h i-cf\"><div class=\"wpb_text_column us_custom_c0833edc has_text_color\"><div class=\"wpb_wrapper\"><h6 class=\"p1\"><span class=\"s1\">Conseil technique<\/span><\/h6>\n<\/div><\/div><div class=\"w-separator size_small\"><\/div><div class=\"wpb_text_column us_custom_52250da6 has_text_color with_collapsible_content\" data-content-height=\"100px\"><div class=\"wpb_wrapper\"><ul>\n<li>R\u00e9alisation de visites techniques aupr\u00e8s de centres de travail<\/li>\n<li>\u00c9laboration d&#8217;\u00e9tudes techniques pour identifier les risques associ\u00e9s \u00e0 chaque poste de travail pouvant apporter des solutions pour l&#8217;am\u00e9lioration des conditions de travail.<\/li>\n<li>R\u00e9daction de proc\u00e9dures de travail s\u00e9curis\u00e9.<\/li>\n<li>Utilisation de programmes informatiques pour justifier la fonctionnalit\u00e9 des lignes de vie.<\/li>\n<li>Proposition d&#8217;une solution globale \u00e0 partir de l&#8217;identification du besoin, l&#8217;\u00e9tude technique puis installation de la proposition accept\u00e9e.<\/li>\n<li>Formation th\u00e9orique et pratique, et personnalis\u00e9e, dans les centres de travail ou dans nos installations<\/li>\n<\/ul>\n<\/div><div class=\"toggle-links align_none\"><a href=\"javascript:void(0)\" class=\"collapsible-content-more\">Ver m\u00e1s<\/a><a href=\"javascript:void(0)\" class=\"collapsible-content-less\">Ver menos<\/a><\/div><\/div><div class=\"w-separator size_medium\"><\/div><div class=\"w-image align_none\"><div class=\"w-image-h\"><img loading=\"lazy\" decoding=\"async\" width=\"800\" height=\"649\" src=\"https:\/\/adventisolutions.com\/wp-content\/uploads\/2022\/05\/asesoramiento1.jpg\" class=\"attachment-full size-full\" alt=\"\" srcset=\"https:\/\/adventisolutions.com\/wp-content\/uploads\/2022\/05\/asesoramiento1.jpg 800w, https:\/\/adventisolutions.com\/wp-content\/uploads\/2022\/05\/asesoramiento1-300x243.jpg 300w\" sizes=\"auto, (max-width: 800px) 100vw, 800px\" \/><\/div><\/div><\/div><\/div><\/div><div class=\"w-tabs-section has_text_color\" id=\"me74\" style=\"color:#1f3685;\"><button aria-controls=\"content-me74\" class=\"w-tabs-section-header\"><h3 class=\"w-tabs-section-title\">Travaux sp\u00e9ciaux<\/h3><div class=\"w-tabs-section-control\"><\/div><\/button><div  class=\"w-tabs-section-content us_custom_33fe73d0\" id=\"content-me74\" aria-expanded=\"false\"><div class=\"w-tabs-section-content-h i-cf\"><div class=\"wpb_text_column us_custom_c0833edc has_text_color\"><div class=\"wpb_wrapper\"><h6 class=\"p1\"><span class=\"s1\">Travaux sp\u00e9ciaux<\/span><\/h6>\n<\/div><\/div><div class=\"w-separator size_small\"><\/div><div class=\"wpb_text_column us_custom_52250da6 has_text_color with_collapsible_content\" data-content-height=\"100px\"><div class=\"wpb_wrapper\"><p>L&#8217;\u00e9quipe d&#8217;Adventis est sp\u00e9cialis\u00e9e dans tout type de travaux faits sur mesure, comme par exemple le chargement et le d\u00e9chargement de camions, toitures hors standard, ancrages personnalis\u00e9s entre autres, tous les travaux \u00e9tant calcul\u00e9s par des programmes informatiques afin d&#8217;obtenir leur justification technique, leur certification et leur homologation.<\/p>\n<\/div><div class=\"toggle-links align_none\"><a href=\"javascript:void(0)\" class=\"collapsible-content-more\">Ver m\u00e1s<\/a><a href=\"javascript:void(0)\" class=\"collapsible-content-less\">Ver menos<\/a><\/div><\/div><div class=\"w-separator size_medium\"><\/div><div class=\"w-image align_none\"><div class=\"w-image-h\"><img loading=\"lazy\" decoding=\"async\" width=\"1158\" height=\"652\" src=\"https:\/\/adventisolutions.com\/wp-content\/uploads\/2022\/05\/especiales.jpg\" class=\"attachment-full size-full\" alt=\"\" srcset=\"https:\/\/adventisolutions.com\/wp-content\/uploads\/2022\/05\/especiales.jpg 1158w, https:\/\/adventisolutions.com\/wp-content\/uploads\/2022\/05\/especiales-300x169.jpg 300w, https:\/\/adventisolutions.com\/wp-content\/uploads\/2022\/05\/especiales-1024x577.jpg 1024w\" sizes=\"auto, (max-width: 1158px) 100vw, 1158px\" \/><\/div><\/div><\/div><\/div><\/div><\/div><\/div><\/div><\/div><\/div><\/div><\/div><\/section><section class=\"l-section wpb_row height_auto\"><div class=\"l-section-overlay\" style=\"background:linear-gradient(180deg,#1f3685,#388dcc)\"><\/div><div class=\"l-section-h i-cf\"><div class=\"g-cols vc_row via_flex valign_top type_boxes stacking_default\"><div class=\"vc_col-sm-2 wpb_column vc_column_container\"><div class=\"vc_column-inner\"><div class=\"wpb_wrapper\"><\/div><\/div><\/div><div class=\"vc_col-sm-8 wpb_column vc_column_container\"><div class=\"vc_column-inner\"><div class=\"wpb_wrapper\"><div class=\"w-separator size_small\"><\/div><div class=\"wpb_text_column us_custom_2bae5452 has_text_color us_animate_this\"><div class=\"wpb_wrapper\"><h3 class=\"p1\">Notre \u00e9quipe commerciale est \u00e0 votre disposition pour <a href=\"https:\/\/adventisolutions.com\/en\/contact\/\">apporter une r\u00e9ponse \u00e0 toutes vos interrogations<\/a>.<\/h3>\n<\/div><\/div><div class=\"w-separator size_small\"><\/div><\/div><\/div><\/div><div class=\"vc_col-sm-2 wpb_column vc_column_container\"><div class=\"vc_column-inner\"><div class=\"wpb_wrapper\"><\/div><\/div><\/div><\/div><\/div><\/section>\n","protected":false},"excerpt":{"rendered":"","protected":false},"author":1,"featured_media":0,"parent":0,"menu_order":0,"comment_status":"closed","ping_status":"closed","template":"","meta":{"inline_featured_image":false,"footnotes":""},"class_list":["post-9140","page","type-page","status-publish","hentry"],"acf":[],"_links":{"self":[{"href":"https:\/\/adventisolutions.com\/en\/wp-json\/wp\/v2\/pages\/9140","targetHints":{"allow":["GET"]}}],"collection":[{"href":"https:\/\/adventisolutions.com\/en\/wp-json\/wp\/v2\/pages"}],"about":[{"href":"https:\/\/adventisolutions.com\/en\/wp-json\/wp\/v2\/types\/page"}],"author":[{"embeddable":true,"href":"https:\/\/adventisolutions.com\/en\/wp-json\/wp\/v2\/users\/1"}],"replies":[{"embeddable":true,"href":"https:\/\/adventisolutions.com\/en\/wp-json\/wp\/v2\/comments?post=9140"}],"version-history":[{"count":13,"href":"https:\/\/adventisolutions.com\/en\/wp-json\/wp\/v2\/pages\/9140\/revisions"}],"predecessor-version":[{"id":9338,"href":"https:\/\/adventisolutions.com\/en\/wp-json\/wp\/v2\/pages\/9140\/revisions\/9338"}],"wp:attachment":[{"href":"https:\/\/adventisolutions.com\/en\/wp-json\/wp\/v2\/media?parent=9140"}],"curies":[{"name":"wp","href":"https:\/\/api.w.org\/{rel}","templated":true}]}}